{"id":130,"date":"2016-09-14T14:39:30","date_gmt":"2016-09-14T11:39:30","guid":{"rendered":"https:\/\/akgunhotel.com\/?page_id=130"},"modified":"2021-03-19T16:16:42","modified_gmt":"2021-03-19T13:16:42","slug":"toplantilar-davetler","status":"publish","type":"page","link":"https:\/\/akgunhotel.com\/ar\/toplantilar-davetler\/","title":{"rendered":"\u0627\u0644\u0627\u062c\u062a\u0645\u0627\u0639\u0627\u062a \u0648\u0627\u0644\u0623\u062d\u062f\u0627\u062b"},"content":{"rendered":"<section class=\"wpb-content-wrapper\"><p>[vc_row][vc_column][vc_separator color=&#8221;white&#8221;][vc_column_text]\u0646\u062e\u062f\u0645\u0643\u0645 \u0645\u0639&nbsp;8 \u0642\u0627\u0639\u0627\u062a \u0627\u0644\u0627\u062c\u062a\u0645\u0627\u0639 \u0627\u0644\u0645\u062a\u0639\u062f\u062f\u0629 \u0627\u0644\u0623\u063a\u0631\u0627\u0636 \u0648\u0627\u0644\u0645\u0632\u0648\u062f\u0629 \u0628\u062c\u0645\u064a\u0639 \u0627\u0644\u0645\u0639\u062f\u0627\u062a \u0627\u0644\u0641\u0646\u064a\u0629 \u0627\u0644\u0644\u0627\u0632\u0645\u0629 \u0644\u0644\u0645\u0624\u062a\u0645\u0631\u0627\u062a \u0648\u0627\u0644\u062d\u0644\u0642\u0627\u062a \u0627\u0644\u062f\u0631\u0627\u0633\u064a\u0629 \u0648\u0627\u062c\u062a\u0645\u0627\u0639\u0627\u062a \u0627\u0644\u0634\u0631\u0643\u0627\u062a \u0648\u062c\u0645\u064a\u0639 \u0627\u0644\u0645\u0646\u0638\u0645\u0627\u062a \u0627\u0644\u062e\u0627\u0635\u0629 \u0648\u0627\u0644\u062a\u064a \u062a\u062a\u0623\u0644\u0641 \u0645\u0646 25 \u0625\u0644\u0649&nbsp;650 \u0634\u062e\u0635.<\/p>\n<p>[\/vc_column_text][vc_column_text]<\/p>\n<div style=\"position: relative;\">\n<table style=\"height: 250px;\" width=\"675\">\n<tbody>\n<tr>\n<td valign=\"top\">\n<table style=\"font-family: Tahoma; font-size: 12px; height: 221px;\" border=\"0\" width=\"650\" cellspacing=\"0\" cellpadding=\"5\">\n<tbody>\n<tr>\n<td><strong>\u0635\u0627\u0644\u0627\u062a \u0627\u0644\u0627\u062c\u062a\u0645\u0627\u0639<\/strong><\/td>\n<td><strong>\u0627\u0644\u0645\u0633\u0627\u062d\u0629(M2)<\/strong><\/td>\n<td><strong>\u062a\u0631\u062a\u064a\u0628 \u0627\u0644\u0643\u0648\u0643\u062a\u064a\u0644<\/strong><\/td>\n<td><strong>\u062a\u0631\u062a\u064a\u0628 \u0627\u0644\u0623\u0643\u0644\u0627\u062a<\/strong><\/td>\n<td>\u062a\u0631\u062a\u064a\u0628 \u0627\u0644\u0645\u0633\u0631\u062d<\/td>\n<td><strong>\u062a\u0631\u062a\u064a\u0628 \u0627\u0644\u0645\u0633\u0631\u062d<\/strong><\/td>\n<td><strong>\u0645\u0627\u0626\u062f\u0629 \u064a\u0648 \u0627\u0644\u0634\u0643\u0644<\/strong><\/td>\n<td><strong>\u0645\u0627\u0626\u062f\u0629 \u062a\u0627\u0621 \u0627\u0644\u0634\u0643\u0644<\/strong><\/td>\n<\/tr>\n<tr>\n<td>OLD TOWN EXPO<\/td>\n<td align=\"left\">1215<\/td>\n<td align=\"left\">800<\/td>\n<td align=\"left\">&#8211;<\/td>\n<td align=\"left\">&#8211;<\/td>\n<td align=\"left\">&#8211;<\/td>\n<td align=\"left\">&#8211;<\/td>\n<td align=\"left\">&#8211;<\/td>\n<\/tr>\n<tr>\n<td>TOPKAPI GRAND BALL<\/td>\n<td align=\"left\">675<\/td>\n<td align=\"left\">500<\/td>\n<td align=\"left\">500<\/td>\n<td align=\"left\">650<\/td>\n<td align=\"left\">160<\/td>\n<td align=\"left\">140<\/td>\n<td align=\"left\">200<\/td>\n<\/tr>\n<tr>\n<td>BALL<\/td>\n<td align=\"left\">485<\/td>\n<td align=\"left\">500<\/td>\n<td align=\"left\">400<\/td>\n<td align=\"left\">500<\/td>\n<td align=\"left\">140<\/td>\n<td align=\"left\">140<\/td>\n<td align=\"left\">120<\/td>\n<\/tr>\n<tr>\n<td>AKG\u00dcN<\/td>\n<td align=\"left\">250<\/td>\n<td align=\"left\">200<\/td>\n<td align=\"left\">200<\/td>\n<td align=\"left\">250<\/td>\n<td align=\"left\">90<\/td>\n<td align=\"left\">60<\/td>\n<td align=\"left\">85<\/td>\n<\/tr>\n<tr>\n<td>BELGRADKAPI<\/td>\n<td align=\"left\">55<\/td>\n<td align=\"left\">20<\/td>\n<td align=\"left\">20<\/td>\n<td align=\"left\">25<\/td>\n<td align=\"left\">15<\/td>\n<td align=\"left\">15<\/td>\n<td align=\"left\">15<\/td>\n<\/tr>\n<tr>\n<td>ED\u0130RNEKAPI<\/td>\n<td align=\"left\">76<\/td>\n<td align=\"left\">&#8211;<\/td>\n<td align=\"left\">&#8211;<\/td>\n<td align=\"left\">60<\/td>\n<td align=\"left\">20<\/td>\n<td align=\"left\">20<\/td>\n<td align=\"left\">20<\/td>\n<\/tr>\n<tr>\n<td>SUR\u0130\u00c7\u0130<\/td>\n<td align=\"left\">150<\/td>\n<td align=\"left\">80<\/td>\n<td align=\"left\">70<\/td>\n<td align=\"left\">100<\/td>\n<td align=\"left\">35<\/td>\n<td align=\"left\">40<\/td>\n<td align=\"left\">50<\/td>\n<\/tr>\n<tr>\n<td>MAXINE<\/td>\n<td align=\"left\">215<\/td>\n<td align=\"left\">120<\/td>\n<td align=\"left\">80<\/td>\n<td align=\"left\">80<\/td>\n<td align=\"left\">36<\/td>\n<td align=\"left\">30<\/td>\n<td align=\"left\">45<\/td>\n<\/tr>\n<tr>\n<td>HAVUZ<\/td>\n<td align=\"left\">&#8211;<\/td>\n<td align=\"left\">250<\/td>\n<td align=\"left\">200<\/td>\n<td align=\"left\">&#8211;<\/td>\n<td align=\"left\">&#8211;<\/td>\n<td align=\"left\">&#8211;<\/td>\n<\/tr>\n<tr>\n<td>HAVUZ +AKGUN<\/td>\n<td align=\"left\">&#8211;<\/td>\n<td align=\"left\">450<\/td>\n<td align=\"left\">400<\/td>\n<td align=\"left\">&#8211;<\/td>\n<td align=\"left\">&#8211;<\/td>\n<td align=\"left\">&#8211;<\/td>\n<td align=\"left\">&#8211;<\/td>\n<\/tr>\n<\/tbody>\n<\/table>\n<\/td>\n<\/tr>\n<\/tbody>\n<\/table>\n<\/div>\n<p>[\/vc_column_text][vc_column_text]<\/p>\n<table style=\"font-family: Tahoma; font-size: 12px; height: 221px;\" border=\"0\" width=\"558\" cellspacing=\"0\" cellpadding=\"5\">\n<tbody>\n<tr>\n<td style=\"font-weight: bold;\">\u0635\u0627\u0644\u0627\u062a \u0627\u0644\u0627\u062c\u062a\u0645\u0627\u0639<\/td>\n<td style=\"font-weight: bold;\">\u0627\u0644\u0627\u0631\u062a\u0641\u0627\u0639<\/td>\n<td style=\"font-weight: bold;\">\u0627\u0644\u0639\u0645\u0642<\/td>\n<td style=\"font-weight: bold;\">\u0627\u0644\u0639\u0645\u0642<\/td>\n<td style=\"font-weight: bold;\">\u0627\u0644\u0645\u0633\u0627\u062d\u0629(M2)<\/td>\n<\/tr>\n<tr>\n<td>OLD TOWN EXPO<\/td>\n<td>3.50 m<\/td>\n<td>45 m<\/td>\n<td>27.00 m<\/td>\n<td>1215<\/td>\n<\/tr>\n<tr>\n<td class=\"back\">TOPKAPI GRAND BALL<\/td>\n<td class=\"back\">3.5 m<\/td>\n<td class=\"back\">25 m<\/td>\n<td class=\"back\">27 m<\/td>\n<td class=\"back\">675<\/td>\n<\/tr>\n<tr>\n<td>BALL<\/td>\n<td>3 m<\/td>\n<td>28.80 m<\/td>\n<td>17.00 m<\/td>\n<td>484<\/td>\n<\/tr>\n<tr>\n<td class=\"back\">AKG\u00dcN<\/td>\n<td class=\"back\">3 m<\/td>\n<td class=\"back\">16.70 m<\/td>\n<td class=\"back\">13.45 m<\/td>\n<td class=\"back\">250<\/td>\n<\/tr>\n<tr>\n<td>MAXINE<\/td>\n<td>3 m<\/td>\n<td>13.75 m<\/td>\n<td>15.60 m<\/td>\n<td>215<\/td>\n<\/tr>\n<tr>\n<td class=\"back\">BELGRADKAPI<\/td>\n<td class=\"back\">2.50 m<\/td>\n<td class=\"back\">6.60 m<\/td>\n<td class=\"back\">8.85 m<\/td>\n<td class=\"back\">55<\/td>\n<\/tr>\n<tr>\n<td>ED\u0130RNEKAPI<\/td>\n<td>2.50 m<\/td>\n<td>8.30 m<\/td>\n<td>9.15 m<\/td>\n<td>75<\/td>\n<\/tr>\n<tr>\n<td class=\"back\">SUR\u0130\u00c7\u0130<\/td>\n<td class=\"back\">2.85 m<\/td>\n<td class=\"back\">20 m<\/td>\n<td class=\"back\">7.5 m<\/td>\n<td class=\"back\">150<\/td>\n<\/tr>\n<tr>\n<td>SWIMMING POOL<\/td>\n<td>1.45-2.25 m<\/td>\n<td>8.00 m<\/td>\n<td>15.00 m<\/td>\n<td>&#8211;<\/td>\n<\/tr>\n<\/tbody>\n<\/table>\n<p>[\/vc_column_text][\/vc_column][\/vc_row][vc_row][vc_column width=&#8221;1\/3&#8243;][vc_column_text]<\/p>\n<p style=\"text-align: center;\"><a href=\"https:\/\/akgunhotel.com\/wp-content\/uploads\/2016\/10\/oldtown.jpg\" rel=\"prettyPhoto\"><img loading=\"lazy\" decoding=\"async\" class=\"alignnone size-full wp-image-283\" src=\"https:\/\/akgunhotel.com\/wp-content\/uploads\/2016\/09\/oldtownexpo.png\" alt=\"oldtownexpo\" width=\"220\" height=\"132\"><\/a><br style=\"text-align: center;\"><a href=\"https:\/\/akgunhotel.com\/wp-content\/uploads\/2016\/10\/oldtown-1.jpg\" rel=\"prettyPhoto\">\u0627\u0646\u0642\u0631 \u0644\u0644\u062d\u0635\u0648\u0644 \u0639\u0644\u0649 \u0627\u0644\u062e\u0631\u064a\u0637\u0629<\/a><\/p>\n<p>[\/vc_column_text][\/vc_column][vc_column width=&#8221;1\/3&#8243;][vc_column_text]<\/p>\n<p style=\"text-align: center;\"><a href=\"https:\/\/akgunhotel.com\/wp-content\/uploads\/2016\/10\/L.jpg\" rel=\"prettyPhoto\"><img loading=\"lazy\" decoding=\"async\" class=\"alignnone wp-image-769 size-full\" src=\"https:\/\/akgunhotel.com\/wp-content\/uploads\/2016\/09\/Topkapiballroom.png\" width=\"220\" height=\"132\"><br style=\"text-align: center;\"><\/a><a href=\"https:\/\/akgunhotel.com\/wp-content\/uploads\/2016\/10\/topkapi_kroki.jpg\" rel=\"prettyPhoto\">\u0627\u0646\u0642\u0631 \u0644\u0644\u062d\u0635\u0648\u0644 \u0639\u0644\u0649 \u0627\u0644\u062e\u0631\u064a\u0637\u0629<\/a><\/p>\n<p>[\/vc_column_text][\/vc_column][vc_column width=&#8221;1\/3&#8243;][vc_column_text]<\/p>\n<p style=\"text-align: center;\"><a href=\"https:\/\/akgunhotel.com\/wp-content\/uploads\/2021\/03\/AKGUN-HALL.jpg\" rel=\"prettyPhoto\"><img loading=\"lazy\" decoding=\"async\" class=\"alignnone size-full wp-image-283\" src=\"https:\/\/akgunhotel.com\/wp-content\/uploads\/2016\/09\/akgunsalon.png\" alt=\"oldtownexpo\" width=\"220\" height=\"132\"><\/a><br style=\"text-align: center;\"><a href=\"https:\/\/akgunhotel.com\/wp-content\/uploads\/2016\/10\/akgunsaloon.jpg\" rel=\"prettyPhoto\">\u0627\u0646\u0642\u0631 \u0644\u0644\u062d\u0635\u0648\u0644 \u0639\u0644\u0649 \u0627\u0644\u062e\u0631\u064a\u0637\u0629<\/a><\/p>\n<p>[\/vc_column_text][\/vc_column][\/vc_row][vc_row][vc_column width=&#8221;1\/3&#8243;][vc_column_text]<\/p>\n<p style=\"text-align: center;\"><a href=\"https:\/\/akgunhotel.com\/wp-content\/uploads\/2016\/10\/balosalon1.jpg\" rel=\"prettyPhoto\"><img loading=\"lazy\" decoding=\"async\" class=\"alignnone wp-image-773 size-full\" src=\"https:\/\/akgunhotel.com\/wp-content\/uploads\/2016\/09\/Ballroom-1.png\" width=\"220\" height=\"132\"><br style=\"text-align: center;\"><\/a><a href=\"https:\/\/akgunhotel.com\/wp-content\/uploads\/2016\/10\/ball_saloon.jpg\" rel=\"prettyPhoto\">\u0627\u0646\u0642\u0631 \u0644\u0644\u062d\u0635\u0648\u0644 \u0639\u0644\u0649 \u0627\u0644\u062e\u0631\u064a\u0637\u0629<\/a><\/p>\n<p>[\/vc_column_text][\/vc_column][vc_column width=&#8221;1\/3&#8243;][vc_column_text]<\/p>\n<p style=\"text-align: center;\"><a href=\"https:\/\/akgunhotel.com\/wp-content\/uploads\/2016\/10\/maxine22.jpg\" rel=\"prettyPhoto\"><img loading=\"lazy\" decoding=\"async\" class=\"alignnone size-full wp-image-283\" src=\"https:\/\/akgunhotel.com\/wp-content\/uploads\/2016\/09\/maxine.png\" alt=\"oldtownexpo\" width=\"220\" height=\"132\"><\/a><br style=\"text-align: center;\"><a href=\"https:\/\/akgunhotel.com\/wp-content\/uploads\/2016\/10\/maxine.jpg\" rel=\"prettyPhoto\">\u0627\u0646\u0642\u0631 \u0644\u0644\u062d\u0635\u0648\u0644 \u0639\u0644\u0649 \u0627\u0644\u062e\u0631\u064a\u0637\u0629<\/a><\/p>\n<p>[\/vc_column_text][\/vc_column][vc_column width=&#8221;1\/3&#8243;][vc_column_text]<\/p>\n<p style=\"text-align: center;\"><a href=\"https:\/\/akgunhotel.com\/wp-content\/uploads\/2016\/10\/K.jpg\" rel=\"prettyPhoto\"><img loading=\"lazy\" decoding=\"async\" class=\"alignnone size-full wp-image-283\" src=\"https:\/\/akgunhotel.com\/wp-content\/uploads\/2016\/09\/surici.png\" alt=\"oldtownexpo\" width=\"220\" height=\"132\"><\/a><br style=\"text-align: center;\"><a href=\"https:\/\/akgunhotel.com\/wp-content\/uploads\/2016\/10\/surici_.jpg\" rel=\"prettyPhoto\">\u0627\u0646\u0642\u0631 \u0644\u0644\u062d\u0635\u0648\u0644 \u0639\u0644\u0649 \u0627\u0644\u062e\u0631\u064a\u0637\u0629<\/a><\/p>\n<p>[\/vc_column_text][\/vc_column][\/vc_row][vc_row][vc_column width=&#8221;1\/3&#8243;][vc_column_text]<\/p>\n<p style=\"text-align: center;\"><a href=\"https:\/\/akgunhotel.com\/wp-content\/uploads\/2021\/03\/edirnekapi.jpg\" rel=\"prettyPhoto\"><img loading=\"lazy\" decoding=\"async\" class=\"alignnone size-full wp-image-283\" src=\"https:\/\/akgunhotel.com\/wp-content\/uploads\/2016\/09\/Edirnekapi.png\" alt=\"oldtownexpo\" width=\"220\" height=\"132\"><\/a><br style=\"text-align: center;\"><a href=\"https:\/\/akgunhotel.com\/wp-content\/uploads\/2016\/10\/neptun.jpg\" rel=\"prettyPhoto\">\u0627\u0646\u0642\u0631 \u0644\u0644\u062d\u0635\u0648\u0644 \u0639\u0644\u0649 \u0627\u0644\u062e\u0631\u064a\u0637\u0629<\/a><\/p>\n<p>[\/vc_column_text][\/vc_column][vc_column width=&#8221;1\/3&#8243;][vc_column_text]<\/p>\n<p style=\"text-align: center;\"><a href=\"https:\/\/akgunhotel.com\/wp-content\/uploads\/2021\/03\/belgradkapi.jpg\" rel=\"prettyPhoto\"><img loading=\"lazy\" decoding=\"async\" class=\"alignnone size-full wp-image-283\" src=\"https:\/\/akgunhotel.com\/wp-content\/uploads\/2016\/09\/belgradkapi.png\" alt=\"oldtownexpo\" width=\"220\" height=\"132\"><\/a><br style=\"text-align: center;\"><a href=\"https:\/\/akgunhotel.com\/wp-content\/uploads\/2016\/10\/ven\u00fcs.jpg\" rel=\"prettyPhoto\">\u0627\u0646\u0642\u0631 \u0644\u0644\u062d\u0635\u0648\u0644 \u0639\u0644\u0649 \u0627\u0644\u062e\u0631\u064a\u0637\u0629<\/a><\/p>\n<p>[\/vc_column_text][\/vc_column][\/vc_row]<\/p>\n<\/section>","protected":false},"excerpt":{"rendered":"[vc_row][vc_column][vc_separator color=&#8221;white&#8221;][vc_column_text]\u0646\u062e\u062f\u0645\u0643\u0645 \u0645\u0639&nbsp;8 \u0642\u0627\u0639\u0627\u062a \u0627\u0644\u0627\u062c\u062a\u0645\u0627\u0639 \u0627\u0644\u0645\u062a\u0639\u062f\u062f\u0629 \u0627\u0644\u0623\u063a\u0631\u0627\u0636 \u0648\u0627\u0644\u0645\u0632\u0648\u062f\u0629 \u0628\u062c\u0645\u064a\u0639 \u0627\u0644\u0645\u0639\u062f\u0627\u062a \u0627\u0644\u0641\u0646\u064a\u0629 \u0627\u0644\u0644\u0627\u0632\u0645\u0629 \u0644\u0644\u0645\u0624\u062a\u0645\u0631\u0627\u062a \u0648\u0627\u0644\u062d\u0644\u0642\u0627\u062a \u0627\u0644\u062f\u0631\u0627\u0633\u064a\u0629 \u0648\u0627\u062c\u062a\u0645\u0627\u0639\u0627\u062a \u0627\u0644\u0634\u0631\u0643\u0627\u062a \u0648\u062c\u0645\u064a\u0639 \u0627\u0644\u0645\u0646\u0638\u0645\u0627\u062a \u0627\u0644\u062e\u0627\u0635\u0629 \u0648\u0627\u0644\u062a\u064a \u062a\u062a\u0623\u0644\u0641 \u0645\u0646 25 \u0625\u0644\u0649&nbsp;650 \u0634\u062e\u0635. [\/vc_column_text][vc_column_text] \u0635\u0627\u0644\u0627\u062a \u0627\u0644\u0627\u062c\u062a\u0645\u0627\u0639 \u0627\u0644\u0645\u0633\u0627\u062d\u0629(M2) \u062a\u0631\u062a\u064a\u0628 \u0627\u0644\u0643\u0648\u0643\u062a\u064a\u0644 \u062a\u0631\u062a\u064a\u0628 \u0627\u0644\u0623\u0643\u0644\u0627\u062a \u062a\u0631\u062a\u064a\u0628 \u0627\u0644\u0645\u0633\u0631\u062d \u062a\u0631\u062a\u064a\u0628 \u0627\u0644\u0645\u0633\u0631\u062d \u0645\u0627\u0626\u062f\u0629 \u064a\u0648 \u0627\u0644\u0634\u0643\u0644 \u0645\u0627\u0626\u062f\u0629 \u062a\u0627\u0621 \u0627\u0644\u0634\u0643\u0644 OLD TOWN EXPO 1215 800 &#8211; [&hellip;]","protected":false},"author":1,"featured_media":0,"parent":0,"menu_order":0,"comment_status":"closed","ping_status":"closed","template":"template-fullsize-gallery2.php","meta":{"ngg_post_thumbnail":0,"footnotes":""},"class_list":["post-130","page","type-page","status-publish","hentry"],"_links":{"self":[{"href":"https:\/\/akgunhotel.com\/ar\/wp-json\/wp\/v2\/pages\/130","targetHints":{"allow":["GET"]}}],"collection":[{"href":"https:\/\/akgunhotel.com\/ar\/wp-json\/wp\/v2\/pages"}],"about":[{"href":"https:\/\/akgunhotel.com\/ar\/wp-json\/wp\/v2\/types\/page"}],"author":[{"embeddable":true,"href":"https:\/\/akgunhotel.com\/ar\/wp-json\/wp\/v2\/users\/1"}],"replies":[{"embeddable":true,"href":"https:\/\/akgunhotel.com\/ar\/wp-json\/wp\/v2\/comments?post=130"}],"version-history":[{"count":87,"href":"https:\/\/akgunhotel.com\/ar\/wp-json\/wp\/v2\/pages\/130\/revisions"}],"predecessor-version":[{"id":1936,"href":"https:\/\/akgunhotel.com\/ar\/wp-json\/wp\/v2\/pages\/130\/revisions\/1936"}],"wp:attachment":[{"href":"https:\/\/akgunhotel.com\/ar\/wp-json\/wp\/v2\/media?parent=130"}],"curies":[{"name":"wp","href":"https:\/\/api.w.org\/{rel}","templated":true}]}}