{"id":117,"date":"2016-09-14T14:35:59","date_gmt":"2016-09-14T11:35:59","guid":{"rendered":"https:\/\/akgunhotel.com\/?page_id=117"},"modified":"2017-10-18T16:02:15","modified_gmt":"2017-10-18T13:02:15","slug":"deluxe-uc-kisilik","status":"publish","type":"page","link":"https:\/\/akgunhotel.com\/de\/odalar\/deluxe-uc-kisilik\/","title":{"rendered":"Deluxe Dreibettzimmer"},"content":{"rendered":"<section class=\"wpb-content-wrapper\"><p>[vc_row css=&#8220;.vc_custom_1474378732905{padding-bottom: -20px !important;}&#8220;][vc_column width=&#8220;1\/2&#8243; css=&#8220;.vc_custom_1474379015693{margin-bottom: -70px !important;}&#8220;][vc_gallery type=&#8220;flexslider_slide&#8220; interval=&#8220;3&#8243; images=&#8220;441,440,1056,1057,1058,1059,433,431,432&#8243; img_size=&#8220;500&#215;300&#8243;][\/vc_column][vc_column width=&#8220;1\/2&#8243;][vc_column_text]<\/p>\n<p>Das Luxus-Zimmer des Akg\u00fcn Istanbul Hotel beinhaltet all die jeglichen Bequemlichkeiten f\u00fcr die Menschen, die f\u00fcr kommerzielle Zwecken und\/oder f\u00fcr Freizeiten reisen. Alle Deluxe-Zimmer(35 qm), haben orthop\u00e4dischen Betten, spezielle Kissen, Hausschuhe, Jalousie stilvolles Badezimmer, Satelliten-LCD-TV, Direktwahl-Telefon im Zimmer, Telefon im Bad, F\u00f6n, Minibar, Klimaanlage, Safe, kostenfreien WLAN-Internetzugang (Wi-Fi) , Wasserkocher und Kaffee-Service, 7 \/ 24 Service mit Zimmer-Service, kostenlose Parkpl\u00e4tze und Valet-Service, eine Sauna, t\u00fcrkisches Bad, finnische Sauna, Dampfbad und Spa-Center ist f\u00fcr den freien Zugang.[\/vc_column_text][vc_btn title=&#8220;Buche Jetzt&#8220; style=&#8220;3d&#8220; color=&#8220;inverse&#8220; size=&#8220;sm&#8220; align=&#8220;center&#8220; button_block=&#8220;true&#8220; link=&#8220;url:https%3A%2F%2Fsecure.phobs.net%2Fbooking.php%3Fcompany_id%3D6ad58a16323015b27c34323c2cbb0c9b%26hotel%3D37d87b29185a638966e0b348ba573f95%26date%3Dtoday%26nights%3D1%26lang%3Den|title:Online%20istanbul%20hotel%20rezervation|target:%20_blank&#8220;][\/vc_column][\/vc_row][vc_row][vc_column][vc_text_separator title=&#8220;Eigenschaften&#8220; color=&#8220;white&#8220;][\/vc_column][\/vc_row][vc_row][vc_column width=&#8220;1\/2&#8243;][vc_column_text]<\/p>\n<ul class=\"inpage-list fl\">\n<li>Zentrale Klimaanlage<\/li>\n<li>Kostenloser Internetzugang (Wifi)<\/li>\n<li>LCD-Fernseher<\/li>\n<li>Schreibtisch<\/li>\n<li>Zimmertelefon<\/li>\n<li>Badezimmer Telefon<\/li>\n<li>Schlie\u00dffach<\/li>\n<li>Minibar<\/li>\n<li>F\u00f6hn<\/li>\n<li>Elektronische T\u00fcrschl\u00f6sser<\/li>\n<\/ul>\n<p>[\/vc_column_text][\/vc_column][vc_column width=&#8220;1\/2&#8243;][vc_column_text]<\/p>\n<ul class=\"inpage-list fl\">\n<li>Rauchmelder<\/li>\n<li>Kissenmen\u00fc<\/li>\n<li>Raucher- \/ Nichtraucherzimmer<\/li>\n<li>Allergische R\u00e4ume<\/li>\n<li>Bademantel<\/li>\n<li>Late C-out (nach Verf\u00fcgbarkeit)<\/li>\n<li>Fr\u00fchst\u00fccksservice<\/li>\n<li>Portier Service<\/li>\n<\/ul>\n<p>[\/vc_column_text][\/vc_column][\/vc_row]<\/p>\n<\/section>","protected":false},"excerpt":{"rendered":"[vc_row css=&#8220;.vc_custom_1474378732905{padding-bottom: -20px !important;}&#8220;][vc_column width=&#8220;1\/2&#8243; css=&#8220;.vc_custom_1474379015693{margin-bottom: -70px !important;}&#8220;][vc_gallery type=&#8220;flexslider_slide&#8220; interval=&#8220;3&#8243; images=&#8220;441,440,1056,1057,1058,1059,433,431,432&#8243; img_size=&#8220;500&#215;300&#8243;][\/vc_column][vc_column width=&#8220;1\/2&#8243;][vc_column_text] Das Luxus-Zimmer des Akg\u00fcn Istanbul Hotel beinhaltet all die jeglichen Bequemlichkeiten f\u00fcr die Menschen, die f\u00fcr kommerzielle Zwecken und\/oder f\u00fcr Freizeiten reisen. Alle Deluxe-Zimmer(35 qm), haben orthop\u00e4dischen Betten, spezielle Kissen, Hausschuhe, Jalousie stilvolles Badezimmer, Satelliten-LCD-TV, Direktwahl-Telefon im [&hellip;]","protected":false},"author":1,"featured_media":0,"parent":110,"menu_order":0,"comment_status":"closed","ping_status":"open","template":"template-fullsize-gallery2.php","meta":{"ngg_post_thumbnail":0,"footnotes":""},"class_list":["post-117","page","type-page","status-publish","hentry"],"_links":{"self":[{"href":"https:\/\/akgunhotel.com\/de\/wp-json\/wp\/v2\/pages\/117","targetHints":{"allow":["GET"]}}],"collection":[{"href":"https:\/\/akgunhotel.com\/de\/wp-json\/wp\/v2\/pages"}],"about":[{"href":"https:\/\/akgunhotel.com\/de\/wp-json\/wp\/v2\/types\/page"}],"author":[{"embeddable":true,"href":"https:\/\/akgunhotel.com\/de\/wp-json\/wp\/v2\/users\/1"}],"replies":[{"embeddable":true,"href":"https:\/\/akgunhotel.com\/de\/wp-json\/wp\/v2\/comments?post=117"}],"version-history":[{"count":16,"href":"https:\/\/akgunhotel.com\/de\/wp-json\/wp\/v2\/pages\/117\/revisions"}],"predecessor-version":[{"id":1069,"href":"https:\/\/akgunhotel.com\/de\/wp-json\/wp\/v2\/pages\/117\/revisions\/1069"}],"up":[{"embeddable":true,"href":"https:\/\/akgunhotel.com\/de\/wp-json\/wp\/v2\/pages\/110"}],"wp:attachment":[{"href":"https:\/\/akgunhotel.com\/de\/wp-json\/wp\/v2\/media?parent=117"}],"curies":[{"name":"wp","href":"https:\/\/api.w.org\/{rel}","templated":true}]}}