{"id":123,"date":"2016-09-14T14:37:23","date_gmt":"2016-09-14T11:37:23","guid":{"rendered":"https:\/\/akgunhotel.com\/?page_id=123"},"modified":"2017-09-29T13:15:24","modified_gmt":"2017-09-29T10:15:24","slug":"junior-suite","status":"publish","type":"page","link":"https:\/\/akgunhotel.com\/de\/odalar\/junior-suite\/","title":{"rendered":"Junior Suite"},"content":{"rendered":"<section class=\"wpb-content-wrapper\"><p>[vc_row css=&#8220;.vc_custom_1474378732905{padding-bottom: -20px !important;}&#8220;][vc_column width=&#8220;1\/2&#8243; css=&#8220;.vc_custom_1474379015693{margin-bottom: -70px !important;}&#8220;][vc_gallery type=&#8220;flexslider_slide&#8220; interval=&#8220;3&#8243; images=&#8220;1044,1046,1045,431,432&#8243; img_size=&#8220;500&#215;300&#8243;][\/vc_column][vc_column width=&#8220;1\/2&#8243;][vc_column_text]All die Suite-Zimmer (63 qm) sind mit einem Wohnzimmer gespaltet und es gibt 2 LED-TV mit maximalen Bequemlichkeiten, 24 Stunden Zimmerservice, orthop\u00e4dische Betten, Men\u00fc f\u00fcr speziellen Kissen, Hausschuhe und Bademantel, Durchwahltelefon in den Zimmern, Badezimmertelefon, Haartrockner, Minibar, Klima, Spezialgeldschrank, kostenfreies Internet, Wasserkesselbewirtung f\u00fcr Tee und Kaffee, kostenfreier Parkplatz, Vale-Service und der Eintritt in das t\u00fcrkische Hamam , in die Sauna und Badestube ist kostenfrei..[\/vc_column_text][vc_btn title=&#8220;Buche Jetzt&#8220; style=&#8220;3d&#8220; color=&#8220;inverse&#8220; size=&#8220;sm&#8220; align=&#8220;center&#8220; button_block=&#8220;true&#8220; link=&#8220;url:https%3A%2F%2Fsecure.phobs.net%2Fbooking.php%3Fcompany_id%3D6ad58a16323015b27c34323c2cbb0c9b%26hotel%3D37d87b29185a638966e0b348ba573f95%26date%3Dtoday%26nights%3D1%26lang%3Den|title:Online%20istanbul%20hotel%20rezervation|target:%20_blank&#8220;][\/vc_column][\/vc_row][vc_row][vc_column][vc_text_separator title=&#8220;Eigenschaften&#8220; color=&#8220;white&#8220;][\/vc_column][\/vc_row][vc_row][vc_column width=&#8220;1\/2&#8243;][vc_column_text]<\/p>\n<p>Zentrale Klimaanlage<br \/>\nKostenloser Internetzugang (Wifi)<br \/>\nLCD-Fernseher<br \/>\nSchreibtisch<br \/>\nZimmertelefon<br \/>\nBadezimmer Telefon<br \/>\nSchlie\u00dffach<br \/>\nMinibar<br \/>\nF\u00f6hn<br \/>\nElektronische T\u00fcrschl\u00f6sser<br \/>\n[\/vc_column_text][\/vc_column][vc_column width=&#8220;1\/2&#8243;][vc_column_text]<\/p>\n<p>Rauchmelder<br \/>\nKissenmen\u00fc<br \/>\nRaucher- \/ Nichtraucherzimmer<br \/>\nAllergische R\u00e4ume<br \/>\nBademantel<br \/>\nLate C-out (nach Verf\u00fcgbarkeit)<br \/>\nFr\u00fchst\u00fccksservice<br \/>\nPortier Service<br \/>\n[\/vc_column_text][\/vc_column][\/vc_row]<\/p>\n<\/section>","protected":false},"excerpt":{"rendered":"[vc_row css=&#8220;.vc_custom_1474378732905{padding-bottom: -20px !important;}&#8220;][vc_column width=&#8220;1\/2&#8243; css=&#8220;.vc_custom_1474379015693{margin-bottom: -70px !important;}&#8220;][vc_gallery type=&#8220;flexslider_slide&#8220; interval=&#8220;3&#8243; images=&#8220;1044,1046,1045,431,432&#8243; img_size=&#8220;500&#215;300&#8243;][\/vc_column][vc_column width=&#8220;1\/2&#8243;][vc_column_text]All die Suite-Zimmer (63 qm) sind mit einem Wohnzimmer gespaltet und es gibt 2 LED-TV mit maximalen Bequemlichkeiten, 24 Stunden Zimmerservice, orthop\u00e4dische Betten, Men\u00fc f\u00fcr speziellen Kissen, Hausschuhe und Bademantel, Durchwahltelefon in den Zimmern, Badezimmertelefon, Haartrockner, Minibar, Klima, [&hellip;]","protected":false},"author":1,"featured_media":0,"parent":110,"menu_order":0,"comment_status":"closed","ping_status":"closed","template":"template-fullsize-gallery2.php","meta":{"ngg_post_thumbnail":0,"footnotes":""},"class_list":["post-123","page","type-page","status-publish","hentry"],"_links":{"self":[{"href":"https:\/\/akgunhotel.com\/de\/wp-json\/wp\/v2\/pages\/123","targetHints":{"allow":["GET"]}}],"collection":[{"href":"https:\/\/akgunhotel.com\/de\/wp-json\/wp\/v2\/pages"}],"about":[{"href":"https:\/\/akgunhotel.com\/de\/wp-json\/wp\/v2\/types\/page"}],"author":[{"embeddable":true,"href":"https:\/\/akgunhotel.com\/de\/wp-json\/wp\/v2\/users\/1"}],"replies":[{"embeddable":true,"href":"https:\/\/akgunhotel.com\/de\/wp-json\/wp\/v2\/comments?post=123"}],"version-history":[{"count":19,"href":"https:\/\/akgunhotel.com\/de\/wp-json\/wp\/v2\/pages\/123\/revisions"}],"predecessor-version":[{"id":1049,"href":"https:\/\/akgunhotel.com\/de\/wp-json\/wp\/v2\/pages\/123\/revisions\/1049"}],"up":[{"embeddable":true,"href":"https:\/\/akgunhotel.com\/de\/wp-json\/wp\/v2\/pages\/110"}],"wp:attachment":[{"href":"https:\/\/akgunhotel.com\/de\/wp-json\/wp\/v2\/media?parent=123"}],"curies":[{"name":"wp","href":"https:\/\/api.w.org\/{rel}","templated":true}]}}