{"id":127,"date":"2016-09-14T14:38:52","date_gmt":"2016-09-14T11:38:52","guid":{"rendered":"https:\/\/akgunhotel.com\/?page_id=127"},"modified":"2021-01-22T12:34:52","modified_gmt":"2021-01-22T09:34:52","slug":"restorant-barlar","status":"publish","type":"page","link":"https:\/\/akgunhotel.com\/de\/restorant-barlar\/","title":{"rendered":"Restaurant &#038; Bar"},"content":{"rendered":"<section class=\"wpb-content-wrapper\"><p>[vc_row][vc_column][vc_separator color=&#8220;white&#8220; css=&#8220;.vc_custom_1478262381016{margin-top: -20px !important;}&#8220;][vc_column_text]T\u00fcrkische und internationale K\u00fcche in den Restaurants f\u00fcr Ihr Vergn\u00fcgen Sie spesiyalitelerinizden w\u00e4hlen k\u00f6nnen. Entwickelt f\u00fcr Ihre Entspannung und Komfort der Lobby, Lobby Bar, Pool Bar, Garten-Caf\u00e9 und entspannen, w\u00e4hrend Sie Ihren Drink in Ruhe und etwas zum Knabbern. In der Lobbybar k\u00f6nnen Sie sich mit einer Vielzahl aromatisierter traditioneller Wasserpfeifen und dem Starbucks Cafe verw\u00f6hnen lassen.[\/vc_column_text][\/vc_column][\/vc_row]<\/p>\n<\/section>","protected":false},"excerpt":{"rendered":"[vc_row][vc_column][vc_separator color=&#8220;white&#8220; css=&#8220;.vc_custom_1478262381016{margin-top: -20px !important;}&#8220;][vc_column_text]T\u00fcrkische und internationale K\u00fcche in den Restaurants f\u00fcr Ihr Vergn\u00fcgen Sie spesiyalitelerinizden w\u00e4hlen k\u00f6nnen. Entwickelt f\u00fcr Ihre Entspannung und Komfort der Lobby, Lobby Bar, Pool Bar, Garten-Caf\u00e9 und entspannen, w\u00e4hrend Sie Ihren Drink in Ruhe und etwas zum Knabbern. In der Lobbybar k\u00f6nnen Sie sich mit [&hellip;]","protected":false},"author":1,"featured_media":462,"parent":0,"menu_order":0,"comment_status":"closed","ping_status":"closed","template":"template-fullsize-gallery2.php","meta":{"ngg_post_thumbnail":0,"footnotes":""},"class_list":["post-127","page","type-page","status-publish","has-post-thumbnail","hentry"],"_links":{"self":[{"href":"https:\/\/akgunhotel.com\/de\/wp-json\/wp\/v2\/pages\/127","targetHints":{"allow":["GET"]}}],"collection":[{"href":"https:\/\/akgunhotel.com\/de\/wp-json\/wp\/v2\/pages"}],"about":[{"href":"https:\/\/akgunhotel.com\/de\/wp-json\/wp\/v2\/types\/page"}],"author":[{"embeddable":true,"href":"https:\/\/akgunhotel.com\/de\/wp-json\/wp\/v2\/users\/1"}],"replies":[{"embeddable":true,"href":"https:\/\/akgunhotel.com\/de\/wp-json\/wp\/v2\/comments?post=127"}],"version-history":[{"count":20,"href":"https:\/\/akgunhotel.com\/de\/wp-json\/wp\/v2\/pages\/127\/revisions"}],"predecessor-version":[{"id":1849,"href":"https:\/\/akgunhotel.com\/de\/wp-json\/wp\/v2\/pages\/127\/revisions\/1849"}],"wp:featuredmedia":[{"embeddable":true,"href":"https:\/\/akgunhotel.com\/de\/wp-json\/wp\/v2\/media\/462"}],"wp:attachment":[{"href":"https:\/\/akgunhotel.com\/de\/wp-json\/wp\/v2\/media?parent=127"}],"curies":[{"name":"wp","href":"https:\/\/api.w.org\/{rel}","templated":true}]}}