{"id":133,"date":"2016-09-14T14:39:52","date_gmt":"2016-09-14T11:39:52","guid":{"rendered":"https:\/\/akgunhotel.com\/?page_id=133"},"modified":"2017-03-24T23:49:42","modified_gmt":"2017-03-24T20:49:42","slug":"aktiviteler","status":"publish","type":"page","link":"https:\/\/akgunhotel.com\/de\/aktiviteler\/","title":{"rendered":"Aktivit\u00e4ten"},"content":{"rendered":"<section class=\"wpb-content-wrapper\"><p>[vc_row][vc_column][vc_separator color=&#8220;white&#8220;][vc_column_text]Nach einem stressigen Tag k\u00f6nnen Sie sich in unseren traditionellen t\u00fcrkischen Hamam, Sauna, Badestube, GYM und in den allen internationalen Massagesaal ganz gem\u00fctlich, dynamisch und energisch f\u00fchlen. F\u00fcr Sie geehrten G\u00e4ste ist der t\u00fcrkische Hamam-, Sauna, Badestubeneintritt kostenfrei und Massage und Frottieren sind kostenabh\u00e4ngig. [\/vc_column_text][\/vc_column][\/vc_row]<\/p>\n<\/section>","protected":false},"excerpt":{"rendered":"[vc_row][vc_column][vc_separator color=&#8220;white&#8220;][vc_column_text]Nach einem stressigen Tag k\u00f6nnen Sie sich in unseren traditionellen t\u00fcrkischen Hamam, Sauna, Badestube, GYM und in den allen internationalen Massagesaal ganz gem\u00fctlich, dynamisch und energisch f\u00fchlen. F\u00fcr Sie geehrten G\u00e4ste ist der t\u00fcrkische Hamam-, Sauna, Badestubeneintritt kostenfrei und Massage und Frottieren sind kostenabh\u00e4ngig. [\/vc_column_text][\/vc_column][\/vc_row]","protected":false},"author":1,"featured_media":0,"parent":0,"menu_order":0,"comment_status":"closed","ping_status":"closed","template":"template-fullsize-gallery2.php","meta":{"ngg_post_thumbnail":0,"footnotes":""},"class_list":["post-133","page","type-page","status-publish","hentry"],"_links":{"self":[{"href":"https:\/\/akgunhotel.com\/de\/wp-json\/wp\/v2\/pages\/133","targetHints":{"allow":["GET"]}}],"collection":[{"href":"https:\/\/akgunhotel.com\/de\/wp-json\/wp\/v2\/pages"}],"about":[{"href":"https:\/\/akgunhotel.com\/de\/wp-json\/wp\/v2\/types\/page"}],"author":[{"embeddable":true,"href":"https:\/\/akgunhotel.com\/de\/wp-json\/wp\/v2\/users\/1"}],"replies":[{"embeddable":true,"href":"https:\/\/akgunhotel.com\/de\/wp-json\/wp\/v2\/comments?post=133"}],"version-history":[{"count":11,"href":"https:\/\/akgunhotel.com\/de\/wp-json\/wp\/v2\/pages\/133\/revisions"}],"predecessor-version":[{"id":984,"href":"https:\/\/akgunhotel.com\/de\/wp-json\/wp\/v2\/pages\/133\/revisions\/984"}],"wp:attachment":[{"href":"https:\/\/akgunhotel.com\/de\/wp-json\/wp\/v2\/media?parent=133"}],"curies":[{"name":"wp","href":"https:\/\/api.w.org\/{rel}","templated":true}]}}