{"id":140,"date":"2016-09-14T14:41:12","date_gmt":"2016-09-14T11:41:12","guid":{"rendered":"https:\/\/akgunhotel.com\/?page_id=140"},"modified":"2017-03-24T23:49:56","modified_gmt":"2017-03-24T20:49:56","slug":"havuz","status":"publish","type":"page","link":"https:\/\/akgunhotel.com\/de\/aktiviteler\/havuz\/","title":{"rendered":"Schwimmbad"},"content":{"rendered":"<section class=\"wpb-content-wrapper\"><p>[vc_row][vc_column][vc_separator color=&#8220;white&#8220;][vc_column_text]<span id=\"ctl00_ContentPlaceHolder1_liticerik\" class=\"YaziDetay\">Entdecken Sie unser Freibad und am\u00fcsieren Sie sich. Sie k\u00f6nnen gem\u00fctliche Zeiten w\u00e4hrend Ihrer \u00dcbernachtung in dem Freischwimmbad unseres Hotels verbringen.<\/span>[\/vc_column_text][\/vc_column][\/vc_row]<\/p>\n<\/section>","protected":false},"excerpt":{"rendered":"[vc_row][vc_column][vc_separator color=&#8220;white&#8220;][vc_column_text]Entdecken Sie unser Freibad und am\u00fcsieren Sie sich. Sie k\u00f6nnen gem\u00fctliche Zeiten w\u00e4hrend Ihrer \u00dcbernachtung in dem Freischwimmbad unseres Hotels verbringen.[\/vc_column_text][\/vc_column][\/vc_row]","protected":false},"author":1,"featured_media":0,"parent":133,"menu_order":0,"comment_status":"closed","ping_status":"closed","template":"template-fullsize-gallery2.php","meta":{"ngg_post_thumbnail":0,"footnotes":""},"class_list":["post-140","page","type-page","status-publish","hentry"],"_links":{"self":[{"href":"https:\/\/akgunhotel.com\/de\/wp-json\/wp\/v2\/pages\/140","targetHints":{"allow":["GET"]}}],"collection":[{"href":"https:\/\/akgunhotel.com\/de\/wp-json\/wp\/v2\/pages"}],"about":[{"href":"https:\/\/akgunhotel.com\/de\/wp-json\/wp\/v2\/types\/page"}],"author":[{"embeddable":true,"href":"https:\/\/akgunhotel.com\/de\/wp-json\/wp\/v2\/users\/1"}],"replies":[{"embeddable":true,"href":"https:\/\/akgunhotel.com\/de\/wp-json\/wp\/v2\/comments?post=140"}],"version-history":[{"count":8,"href":"https:\/\/akgunhotel.com\/de\/wp-json\/wp\/v2\/pages\/140\/revisions"}],"predecessor-version":[{"id":985,"href":"https:\/\/akgunhotel.com\/de\/wp-json\/wp\/v2\/pages\/140\/revisions\/985"}],"up":[{"embeddable":true,"href":"https:\/\/akgunhotel.com\/de\/wp-json\/wp\/v2\/pages\/133"}],"wp:attachment":[{"href":"https:\/\/akgunhotel.com\/de\/wp-json\/wp\/v2\/media?parent=140"}],"curies":[{"name":"wp","href":"https:\/\/api.w.org\/{rel}","templated":true}]}}