{"id":1860,"date":"2021-03-10T16:55:22","date_gmt":"2021-03-10T13:55:22","guid":{"rendered":"https:\/\/akgunhotel.com\/?page_id=1860"},"modified":"2021-03-10T17:05:16","modified_gmt":"2021-03-10T14:05:16","slug":"bike-friendly","status":"publish","type":"page","link":"https:\/\/akgunhotel.com\/de\/bike-friendly\/","title":{"rendered":"Unser fahrradfreundlicher Service"},"content":{"rendered":"<section class=\"wpb-content-wrapper\"><p>[vc_row][vc_column][vc_column_text]<\/p>\n<ul>\n<li>Indoor und 24\/7 sicherer Parkplatz speziell f\u00fcr unsere G\u00e4ste mit ihren Fahrr\u00e4dern vorbereitet,<\/li>\n<li>Speziell vorbereiteter Wartungsbereich f\u00fcr unsere G\u00e4ste mit ihren Fahrr\u00e4dern,<\/li>\n<li>Unser Team, das sich mit regionalen Radwegen auskennt,<\/li>\n<li>Unsere Informationsbildschirme mit aktuellen Wetter- und Stra\u00dfenbedingungen,<\/li>\n<li>W\u00e4scheservice f\u00fcr unsere Radfahrer,<\/li>\n<li>Speisen- und Getr\u00e4nkesorten, die nach den Anforderungen unserer Fahrradg\u00e4ste zubereitet werden,<\/li>\n<li>Verschiedene Speisen und Getr\u00e4nke werden in Form von Paketen serviert, die nach ihren W\u00fcnschen f\u00fcr unsere Fahrradg\u00e4ste zubereitet werden<\/li>\n<li>Informieren Sie sich \u00fcber die Speisen und Getr\u00e4nke, die gem\u00e4\u00df ihren Anforderungen f\u00fcr unsere Fahrradg\u00e4ste zubereitet wurden, \u00fcber Allergene oder N\u00e4hrwerte.<\/li>\n<\/ul>\n<p>&nbsp;<\/p>\n<p>Unser Hotel freut sich, unsere G\u00e4ste mit ihren Fahrr\u00e4dern mit Vergn\u00fcgen begr\u00fc\u00dfen zu d\u00fcrfen\u2026[\/vc_column_text][\/vc_column][\/vc_row]<\/p>\n<\/section>","protected":false},"excerpt":{"rendered":"[vc_row][vc_column][vc_column_text] Indoor und 24\/7 sicherer Parkplatz speziell f\u00fcr unsere G\u00e4ste mit ihren Fahrr\u00e4dern vorbereitet, Speziell vorbereiteter Wartungsbereich f\u00fcr unsere G\u00e4ste mit ihren Fahrr\u00e4dern, Unser Team, das sich mit regionalen Radwegen auskennt, Unsere Informationsbildschirme mit aktuellen Wetter- und Stra\u00dfenbedingungen, W\u00e4scheservice f\u00fcr unsere Radfahrer, Speisen- und Getr\u00e4nkesorten, die nach den Anforderungen unserer [&hellip;]","protected":false},"author":1,"featured_media":0,"parent":0,"menu_order":0,"comment_status":"closed","ping_status":"closed","template":"template-fullsize-gallery2.php","meta":{"ngg_post_thumbnail":0,"footnotes":""},"class_list":["post-1860","page","type-page","status-publish","hentry"],"_links":{"self":[{"href":"https:\/\/akgunhotel.com\/de\/wp-json\/wp\/v2\/pages\/1860","targetHints":{"allow":["GET"]}}],"collection":[{"href":"https:\/\/akgunhotel.com\/de\/wp-json\/wp\/v2\/pages"}],"about":[{"href":"https:\/\/akgunhotel.com\/de\/wp-json\/wp\/v2\/types\/page"}],"author":[{"embeddable":true,"href":"https:\/\/akgunhotel.com\/de\/wp-json\/wp\/v2\/users\/1"}],"replies":[{"embeddable":true,"href":"https:\/\/akgunhotel.com\/de\/wp-json\/wp\/v2\/comments?post=1860"}],"version-history":[{"count":10,"href":"https:\/\/akgunhotel.com\/de\/wp-json\/wp\/v2\/pages\/1860\/revisions"}],"predecessor-version":[{"id":1870,"href":"https:\/\/akgunhotel.com\/de\/wp-json\/wp\/v2\/pages\/1860\/revisions\/1870"}],"wp:attachment":[{"href":"https:\/\/akgunhotel.com\/de\/wp-json\/wp\/v2\/media?parent=1860"}],"curies":[{"name":"wp","href":"https:\/\/api.w.org\/{rel}","templated":true}]}}