{"id":130,"date":"2016-09-14T14:39:30","date_gmt":"2016-09-14T11:39:30","guid":{"rendered":"https:\/\/akgunhotel.com\/?page_id=130"},"modified":"2021-03-19T16:16:42","modified_gmt":"2021-03-19T13:16:42","slug":"toplantilar-davetler","status":"publish","type":"page","link":"https:\/\/akgunhotel.com\/ru\/toplantilar-davetler\/","title":{"rendered":"\u0412\u0421\u0422\u0420\u0415\u0427\u0418 \u0418 \u0421\u041e\u0411\u042b\u0422\u0418\u042f"},"content":{"rendered":"<section class=\"wpb-content-wrapper\"><p>[vc_row][vc_column][vc_separator color=&#187;white&#187;][vc_column_text]25 \u0447\u0435\u043b\u043e\u0432\u0435\u043a \u0434\u043e&nbsp;650 \u0447\u0435\u043b\u043e\u0432\u0435\u043a \u0434\u043b\u044f \u043f\u0440\u043e\u0432\u0435\u0434\u0435\u043d\u0438\u044f \u043a\u043e\u043d\u0433\u0440\u0435\u0441\u0441\u043e\u0432, <span class=\"hps\">\u044f\u0440\u043c\u0430\u0440\u043a\u0438,<\/span>&nbsp;\u0441\u0435\u043c\u0438\u043d\u0430\u0440\u043e\u0432, \u0432\u0441\u0442\u0440\u0435\u0447 \u0438 \u043a\u043e\u043c\u043f\u0430\u043d\u0438\u0438 \u0432\u0441\u0435 \u0441\u043f\u0435\u0446\u0438\u0430\u043b\u044c\u043d\u044b\u0435 \u0442\u0435\u0445\u043d\u0438\u0447\u0435\u0441\u043a\u0438\u0435 \u0441\u0440\u0435\u0434\u0441\u0442\u0432\u0430 \u0432\u0441\u0435\u0445 \u0432\u0438\u0434\u043e\u0432 \u043e\u0440\u0433\u0430\u043d\u0438\u0437\u0430\u0446\u0438\u0439, \u0438\u043c\u0435\u044e\u0449\u0438\u0445 \u043c\u043d\u043e\u0433\u043e\u0446\u0435\u043b\u0435\u0432\u043e\u0439 \u0437\u0430\u043b\u044b \u043f\u0440\u0435\u0434\u043b\u0430\u0433\u0430\u0435\u0442&nbsp;8 \u0432\u0441\u0442\u0440\u0435\u0447\u0438.[\/vc_column_text][vc_column_text]<\/p>\n<div style=\"position: relative;\">\n<table style=\"height: 250px;\" width=\"675\">\n<tbody>\n<tr>\n<td valign=\"top\">\n<table style=\"font-family: Tahoma; font-size: 12px; height: 221px;\" border=\"0\" width=\"650\" cellspacing=\"0\" cellpadding=\"5\">\n<tbody>\n<tr>\n<td><strong>\u0417\u0430\u043b\u044b \u0437\u0430\u0441\u0435\u0434\u0430\u043d\u0438\u0439<\/strong><\/td>\n<td><strong>\u041f\u043b\u043e\u0449\u0430\u0434\u044c (M2)<\/strong><\/td>\n<td><strong>\u0414\u0438\u0437\u0430\u0439\u043d \u0437\u0430\u043b\u0430 \u0434\u043b\u044f \u043a\u043e\u043a\u0442\u0435\u0439\u043b\u044f<\/strong><\/td>\n<td><strong>\u0411\u0410\u041d\u041a\u0415\u0422\u041d\u042b\u0419<\/strong><\/td>\n<td><strong>\u0420\u0430\u0441\u0441\u0430\u0434\u043a\u0430 \u0442\u0435\u0430\u0442\u0440\u043e\u043c<\/strong><\/td>\n<td><strong>\u0420\u0430\u0441\u0441\u0430\u0434\u043a\u0430 \u043a\u043b\u0430\u0441\u0441\u043e\u043c<\/strong><\/td>\n<td><strong>\u0420\u0430\u0441\u0441\u0430\u0434\u043a\u0430 U<\/strong><\/td>\n<td><strong>\u0420\u0430\u0441\u0441\u0430\u0434\u043a\u0430 \u0422<\/strong><\/td>\n<\/tr>\n<tr>\n<td>OLD TOWN EXPO<\/td>\n<td align=\"left\">1215<\/td>\n<td align=\"left\">800<\/td>\n<td align=\"left\">&#8212;<\/td>\n<td align=\"left\">&#8212;<\/td>\n<td align=\"left\">&#8212;<\/td>\n<td align=\"left\">&#8212;<\/td>\n<td align=\"left\">&#8212;<\/td>\n<\/tr>\n<tr>\n<td>TOPKAPI GRAND BALL<\/td>\n<td align=\"left\">675<\/td>\n<td align=\"left\">500<\/td>\n<td align=\"left\">500<\/td>\n<td align=\"left\">650<\/td>\n<td align=\"left\">160<\/td>\n<td align=\"left\">140<\/td>\n<td align=\"left\">200<\/td>\n<\/tr>\n<tr>\n<td>BALL<\/td>\n<td align=\"left\">485<\/td>\n<td align=\"left\">500<\/td>\n<td align=\"left\">400<\/td>\n<td align=\"left\">500<\/td>\n<td align=\"left\">140<\/td>\n<td align=\"left\">140<\/td>\n<td align=\"left\">120<\/td>\n<\/tr>\n<tr>\n<td>AKG\u00dcN<\/td>\n<td align=\"left\">250<\/td>\n<td align=\"left\">200<\/td>\n<td align=\"left\">200<\/td>\n<td align=\"left\">250<\/td>\n<td align=\"left\">90<\/td>\n<td align=\"left\">60<\/td>\n<td align=\"left\">85<\/td>\n<\/tr>\n<tr>\n<td>BELGRADKAPI<\/td>\n<td align=\"left\">55<\/td>\n<td align=\"left\">20<\/td>\n<td align=\"left\">20<\/td>\n<td align=\"left\">25<\/td>\n<td align=\"left\">15<\/td>\n<td align=\"left\">15<\/td>\n<td align=\"left\">15<\/td>\n<\/tr>\n<tr>\n<td>ED\u0130RNEKAPI<\/td>\n<td align=\"left\">76<\/td>\n<td align=\"left\">&#8212;<\/td>\n<td align=\"left\">&#8212;<\/td>\n<td align=\"left\">60<\/td>\n<td align=\"left\">20<\/td>\n<td align=\"left\">20<\/td>\n<td align=\"left\">20<\/td>\n<\/tr>\n<tr>\n<td>SUR\u0130\u00c7\u0130<\/td>\n<td align=\"left\">150<\/td>\n<td align=\"left\">80<\/td>\n<td align=\"left\">70<\/td>\n<td align=\"left\">100<\/td>\n<td align=\"left\">35<\/td>\n<td align=\"left\">40<\/td>\n<td align=\"left\">50<\/td>\n<\/tr>\n<tr>\n<td>MAXINE<\/td>\n<td align=\"left\">215<\/td>\n<td align=\"left\">120<\/td>\n<td align=\"left\">80<\/td>\n<td align=\"left\">80<\/td>\n<td align=\"left\">36<\/td>\n<td align=\"left\">30<\/td>\n<td align=\"left\">45<\/td>\n<\/tr>\n<tr>\n<td>SWIMMING POOL<\/td>\n<td align=\"left\">&#8212;<\/td>\n<td align=\"left\">250<\/td>\n<td align=\"left\">200<\/td>\n<td align=\"left\">&#8212;<\/td>\n<td align=\"left\">&#8212;<\/td>\n<td align=\"left\">&#8212;<\/td>\n<\/tr>\n<tr>\n<td>SWIMMING POOL+AKGUN<\/td>\n<td align=\"left\">&#8212;<\/td>\n<td align=\"left\">450<\/td>\n<td align=\"left\">400<\/td>\n<td align=\"left\">&#8212;<\/td>\n<td align=\"left\">&#8212;<\/td>\n<td align=\"left\">&#8212;<\/td>\n<td align=\"left\">&#8212;<\/td>\n<\/tr>\n<\/tbody>\n<\/table>\n<\/td>\n<\/tr>\n<\/tbody>\n<\/table>\n<\/div>\n<p>[\/vc_column_text][vc_column_text]<\/p>\n<table style=\"font-family: Tahoma; font-size: 12px; height: 221px;\" border=\"0\" width=\"558\" cellspacing=\"0\" cellpadding=\"5\">\n<tbody>\n<tr>\n<td style=\"font-weight: bold;\">\u0417\u0430\u043b\u044b \u0437\u0430\u0441\u0435\u0434\u0430\u043d\u0438\u0439<\/td>\n<td style=\"font-weight: bold;\">\u0412\u044b\u0441\u043e\u0442\u0430<\/td>\n<td style=\"font-weight: bold;\">\u0412\u044b\u0441\u043e\u0442\u0430<\/td>\n<td style=\"font-weight: bold;\">\u0428\u0438\u0440\u0438\u043d\u0430<\/td>\n<td style=\"font-weight: bold;\">\u041f\u043b\u043e\u0449\u0430\u0434\u044c (M2)<\/td>\n<\/tr>\n<tr>\n<td>OLD TOWN EXPO<\/td>\n<td>3.50 m<\/td>\n<td>45 m<\/td>\n<td>27.00 m<\/td>\n<td>1215<\/td>\n<\/tr>\n<tr>\n<td class=\"back\">TOPKAPI GRAND BALL<\/td>\n<td class=\"back\">3.5 m<\/td>\n<td class=\"back\">25 m<\/td>\n<td class=\"back\">27 m<\/td>\n<td class=\"back\">675<\/td>\n<\/tr>\n<tr>\n<td>BALL<\/td>\n<td>3 m<\/td>\n<td>28.80 m<\/td>\n<td>17.00 m<\/td>\n<td>484<\/td>\n<\/tr>\n<tr>\n<td class=\"back\">AKG\u00dcN<\/td>\n<td class=\"back\">3 m<\/td>\n<td class=\"back\">16.70 m<\/td>\n<td class=\"back\">13.45 m<\/td>\n<td class=\"back\">250<\/td>\n<\/tr>\n<tr>\n<td>MAXINE<\/td>\n<td>3 m<\/td>\n<td>13.75 m<\/td>\n<td>15.60 m<\/td>\n<td>215<\/td>\n<\/tr>\n<tr>\n<td class=\"back\">BELGRADKAPI<\/td>\n<td class=\"back\">2.50 m<\/td>\n<td class=\"back\">6.60 m<\/td>\n<td class=\"back\">8.85 m<\/td>\n<td class=\"back\">55<\/td>\n<\/tr>\n<tr>\n<td>ED\u0130RNEKAPI<\/td>\n<td>2.50 m<\/td>\n<td>8.30 m<\/td>\n<td>9.15 m<\/td>\n<td>75<\/td>\n<\/tr>\n<tr>\n<td class=\"back\">SUR\u0130\u00c7\u0130<\/td>\n<td class=\"back\">2.85 m<\/td>\n<td class=\"back\">20 m<\/td>\n<td class=\"back\">7.5 m<\/td>\n<td class=\"back\">150<\/td>\n<\/tr>\n<tr>\n<td>SWIMMING POOL<\/td>\n<td>1.45-2.25 m<\/td>\n<td>8.00 m<\/td>\n<td>15.00 m<\/td>\n<td>&#8212;<\/td>\n<\/tr>\n<\/tbody>\n<\/table>\n<p>[\/vc_column_text][\/vc_column][\/vc_row][vc_row][vc_column width=&#187;1\/3&#8243;][vc_column_text]<\/p>\n<p style=\"text-align: center;\"><a href=\"https:\/\/akgunhotel.com\/wp-content\/uploads\/2016\/10\/oldtown.jpg\" rel=\"prettyPhoto\"><img loading=\"lazy\" decoding=\"async\" class=\"alignnone size-full wp-image-283\" src=\"https:\/\/akgunhotel.com\/wp-content\/uploads\/2016\/09\/oldtownexpo.png\" alt=\"oldtownexpo\" width=\"220\" height=\"132\"><\/a><br style=\"text-align: center;\"><a href=\"https:\/\/akgunhotel.com\/wp-content\/uploads\/2016\/10\/oldtown-1.jpg\" rel=\"prettyPhoto\">\u041d\u0430\u0436\u0430\u0442\u044c \u0434\u043b\u044f \u043f\u0440\u043e\u0441\u043c\u043e\u0442\u0440\u0430 \u043a\u0430\u0440\u0442\u044b<\/a><\/p>\n<p>[\/vc_column_text][\/vc_column][vc_column width=&#187;1\/3&#8243;][vc_column_text]<\/p>\n<p style=\"text-align: center;\"><a href=\"https:\/\/akgunhotel.com\/wp-content\/uploads\/2016\/10\/L.jpg\" rel=\"prettyPhoto\"><img loading=\"lazy\" decoding=\"async\" class=\"alignnone wp-image-769 size-full\" src=\"https:\/\/akgunhotel.com\/wp-content\/uploads\/2016\/09\/Topkapiballroom.png\" width=\"220\" height=\"132\"><br style=\"text-align: center;\"><\/a><a href=\"https:\/\/akgunhotel.com\/wp-content\/uploads\/2016\/10\/topkapi_kroki.jpg\" rel=\"prettyPhoto\">\u041d\u0430\u0436\u0430\u0442\u044c \u0434\u043b\u044f \u043f\u0440\u043e\u0441\u043c\u043e\u0442\u0440\u0430 \u043a\u0430\u0440\u0442\u044b<\/a><\/p>\n<p>[\/vc_column_text][\/vc_column][vc_column width=&#187;1\/3&#8243;][vc_column_text]<\/p>\n<p style=\"text-align: center;\"><a href=\"https:\/\/akgunhotel.com\/wp-content\/uploads\/2021\/03\/AKGUN-HALL.jpg\" rel=\"prettyPhoto\"><img loading=\"lazy\" decoding=\"async\" class=\"alignnone size-full wp-image-283\" src=\"https:\/\/akgunhotel.com\/wp-content\/uploads\/2016\/09\/akgunsalon.png\" alt=\"oldtownexpo\" width=\"220\" height=\"132\"><\/a><br style=\"text-align: center;\"><a href=\"https:\/\/akgunhotel.com\/wp-content\/uploads\/2016\/10\/akgunsaloon.jpg\" rel=\"prettyPhoto\">\u041d\u0430\u0436\u0430\u0442\u044c \u0434\u043b\u044f \u043f\u0440\u043e\u0441\u043c\u043e\u0442\u0440\u0430 \u043a\u0430\u0440\u0442\u044b<\/a><\/p>\n<p>[\/vc_column_text][\/vc_column][\/vc_row][vc_row][vc_column width=&#187;1\/3&#8243;][vc_column_text]<\/p>\n<p style=\"text-align: center;\"><a href=\"https:\/\/akgunhotel.com\/wp-content\/uploads\/2016\/10\/balosalon1.jpg\" rel=\"prettyPhoto\"><img loading=\"lazy\" decoding=\"async\" class=\"alignnone wp-image-773 size-full\" src=\"https:\/\/akgunhotel.com\/wp-content\/uploads\/2016\/09\/Ballroom-1.png\" width=\"220\" height=\"132\"><br style=\"text-align: center;\"><\/a><a href=\"https:\/\/akgunhotel.com\/wp-content\/uploads\/2016\/10\/ball_saloon.jpg\" rel=\"prettyPhoto\">\u041d\u0430\u0436\u0430\u0442\u044c \u0434\u043b\u044f \u043f\u0440\u043e\u0441\u043c\u043e\u0442\u0440\u0430 \u043a\u0430\u0440\u0442\u044b<\/a><\/p>\n<p>[\/vc_column_text][\/vc_column][vc_column width=&#187;1\/3&#8243;][vc_column_text]<\/p>\n<p style=\"text-align: center;\"><a href=\"https:\/\/akgunhotel.com\/wp-content\/uploads\/2016\/10\/maxine22.jpg\" rel=\"prettyPhoto\"><img loading=\"lazy\" decoding=\"async\" class=\"alignnone size-full wp-image-283\" src=\"https:\/\/akgunhotel.com\/wp-content\/uploads\/2016\/09\/maxine.png\" alt=\"oldtownexpo\" width=\"220\" height=\"132\"><\/a><br style=\"text-align: center;\"><a href=\"https:\/\/akgunhotel.com\/wp-content\/uploads\/2016\/10\/maxine.jpg\" rel=\"prettyPhoto\">\u041d\u0430\u0436\u0430\u0442\u044c \u0434\u043b\u044f \u043f\u0440\u043e\u0441\u043c\u043e\u0442\u0440\u0430 \u043a\u0430\u0440\u0442\u044b<\/a><\/p>\n<p>[\/vc_column_text][\/vc_column][vc_column width=&#187;1\/3&#8243;][vc_column_text]<\/p>\n<p style=\"text-align: center;\"><a href=\"https:\/\/akgunhotel.com\/wp-content\/uploads\/2016\/10\/K.jpg\" rel=\"prettyPhoto\"><img loading=\"lazy\" decoding=\"async\" class=\"alignnone size-full wp-image-283\" src=\"https:\/\/akgunhotel.com\/wp-content\/uploads\/2016\/09\/surici.png\" alt=\"oldtownexpo\" width=\"220\" height=\"132\"><\/a><br style=\"text-align: center;\"><a href=\"https:\/\/akgunhotel.com\/wp-content\/uploads\/2016\/10\/surici_.jpg\" rel=\"prettyPhoto\">\u041d\u0430\u0436\u0430\u0442\u044c \u0434\u043b\u044f \u043f\u0440\u043e\u0441\u043c\u043e\u0442\u0440\u0430 \u043a\u0430\u0440\u0442\u044b<\/a><\/p>\n<p>[\/vc_column_text][\/vc_column][\/vc_row][vc_row][vc_column width=&#187;1\/3&#8243;][vc_column_text]<\/p>\n<p style=\"text-align: center;\"><a href=\"https:\/\/akgunhotel.com\/wp-content\/uploads\/2021\/03\/edirnekapi.jpg rel=\"><img loading=\"lazy\" decoding=\"async\" class=\"alignnone size-full wp-image-283\" src=\"https:\/\/akgunhotel.com\/wp-content\/uploads\/2016\/09\/Edirnekapi.png\" alt=\"oldtownexpo\" width=\"220\" height=\"132\"><\/a><br style=\"text-align: center;\"><a href=\"https:\/\/akgunhotel.com\/wp-content\/uploads\/2016\/10\/neptun.jpg\" rel=\"prettyPhoto\">\u041d\u0430\u0436\u0430\u0442\u044c \u0434\u043b\u044f \u043f\u0440\u043e\u0441\u043c\u043e\u0442\u0440\u0430 \u043a\u0430\u0440\u0442\u044b<\/a><\/p>\n<p>[\/vc_column_text][\/vc_column][vc_column width=&#187;1\/3&#8243;][vc_column_text]<\/p>\n<p style=\"text-align: center;\"><a href=\"https:\/\/akgunhotel.com\/wp-content\/uploads\/2021\/03\/belgradkapi.jpg\" rel=\"prettyPhoto\"><img loading=\"lazy\" decoding=\"async\" class=\"alignnone size-full wp-image-283\" src=\"https:\/\/akgunhotel.com\/wp-content\/uploads\/2016\/09\/belgradkapi.png\" alt=\"oldtownexpo\" width=\"220\" height=\"132\"><\/a><br style=\"text-align: center;\"><a href=\"https:\/\/akgunhotel.com\/wp-content\/uploads\/2016\/10\/ven\u00fcs.jpg\" rel=\"prettyPhoto\">\u041d\u0430\u0436\u0430\u0442\u044c \u0434\u043b\u044f \u043f\u0440\u043e\u0441\u043c\u043e\u0442\u0440\u0430 \u043a\u0430\u0440\u0442\u044b<\/a><\/p>\n<p>[\/vc_column_text][\/vc_column][\/vc_row]<\/p>\n<\/section>","protected":false},"excerpt":{"rendered":"[vc_row][vc_column][vc_separator color=&#187;white&#187;][vc_column_text]25 \u0447\u0435\u043b\u043e\u0432\u0435\u043a \u0434\u043e&nbsp;650 \u0447\u0435\u043b\u043e\u0432\u0435\u043a \u0434\u043b\u044f \u043f\u0440\u043e\u0432\u0435\u0434\u0435\u043d\u0438\u044f \u043a\u043e\u043d\u0433\u0440\u0435\u0441\u0441\u043e\u0432, \u044f\u0440\u043c\u0430\u0440\u043a\u0438,&nbsp;\u0441\u0435\u043c\u0438\u043d\u0430\u0440\u043e\u0432, \u0432\u0441\u0442\u0440\u0435\u0447 \u0438 \u043a\u043e\u043c\u043f\u0430\u043d\u0438\u0438 \u0432\u0441\u0435 \u0441\u043f\u0435\u0446\u0438\u0430\u043b\u044c\u043d\u044b\u0435 \u0442\u0435\u0445\u043d\u0438\u0447\u0435\u0441\u043a\u0438\u0435 \u0441\u0440\u0435\u0434\u0441\u0442\u0432\u0430 \u0432\u0441\u0435\u0445 \u0432\u0438\u0434\u043e\u0432 \u043e\u0440\u0433\u0430\u043d\u0438\u0437\u0430\u0446\u0438\u0439, \u0438\u043c\u0435\u044e\u0449\u0438\u0445 \u043c\u043d\u043e\u0433\u043e\u0446\u0435\u043b\u0435\u0432\u043e\u0439 \u0437\u0430\u043b\u044b \u043f\u0440\u0435\u0434\u043b\u0430\u0433\u0430\u0435\u0442&nbsp;8 \u0432\u0441\u0442\u0440\u0435\u0447\u0438.[\/vc_column_text][vc_column_text] \u0417\u0430\u043b\u044b \u0437\u0430\u0441\u0435\u0434\u0430\u043d\u0438\u0439 \u041f\u043b\u043e\u0449\u0430\u0434\u044c (M2) \u0414\u0438\u0437\u0430\u0439\u043d \u0437\u0430\u043b\u0430 \u0434\u043b\u044f \u043a\u043e\u043a\u0442\u0435\u0439\u043b\u044f \u0411\u0410\u041d\u041a\u0415\u0422\u041d\u042b\u0419 \u0420\u0430\u0441\u0441\u0430\u0434\u043a\u0430 \u0442\u0435\u0430\u0442\u0440\u043e\u043c \u0420\u0430\u0441\u0441\u0430\u0434\u043a\u0430 \u043a\u043b\u0430\u0441\u0441\u043e\u043c \u0420\u0430\u0441\u0441\u0430\u0434\u043a\u0430 U \u0420\u0430\u0441\u0441\u0430\u0434\u043a\u0430 \u0422 OLD TOWN EXPO 1215 800 &#8212; &#8212; &#8212; &#8212; [&hellip;]","protected":false},"author":1,"featured_media":0,"parent":0,"menu_order":0,"comment_status":"closed","ping_status":"closed","template":"template-fullsize-gallery2.php","meta":{"ngg_post_thumbnail":0,"footnotes":""},"class_list":["post-130","page","type-page","status-publish","hentry"],"_links":{"self":[{"href":"https:\/\/akgunhotel.com\/ru\/wp-json\/wp\/v2\/pages\/130","targetHints":{"allow":["GET"]}}],"collection":[{"href":"https:\/\/akgunhotel.com\/ru\/wp-json\/wp\/v2\/pages"}],"about":[{"href":"https:\/\/akgunhotel.com\/ru\/wp-json\/wp\/v2\/types\/page"}],"author":[{"embeddable":true,"href":"https:\/\/akgunhotel.com\/ru\/wp-json\/wp\/v2\/users\/1"}],"replies":[{"embeddable":true,"href":"https:\/\/akgunhotel.com\/ru\/wp-json\/wp\/v2\/comments?post=130"}],"version-history":[{"count":87,"href":"https:\/\/akgunhotel.com\/ru\/wp-json\/wp\/v2\/pages\/130\/revisions"}],"predecessor-version":[{"id":1936,"href":"https:\/\/akgunhotel.com\/ru\/wp-json\/wp\/v2\/pages\/130\/revisions\/1936"}],"wp:attachment":[{"href":"https:\/\/akgunhotel.com\/ru\/wp-json\/wp\/v2\/media?parent=130"}],"curies":[{"name":"wp","href":"https:\/\/api.w.org\/{rel}","templated":true}]}}