{"id":107,"date":"2016-09-14T14:33:49","date_gmt":"2016-09-14T11:33:49","guid":{"rendered":"https:\/\/akgunhotel.com\/?page_id=107"},"modified":"2023-06-13T21:57:54","modified_gmt":"2023-06-13T18:57:54","slug":"hakkimizda","status":"publish","type":"page","link":"https:\/\/akgunhotel.com\/tr\/hakkimizda\/","title":{"rendered":"Hakk\u0131m\u0131zda"},"content":{"rendered":"<section class=\"wpb-content-wrapper\"><p>[vc_row][vc_column][vc_separator color=&#8221;white&#8221;][vc_single_image image=&#8221;1970&#8243; img_size=&#8221;full&#8221; alignment=&#8221;center&#8221;][vc_column_text]<span id=\"ctl00_ContentPlaceHolder1_liticerik\" class=\"YaziDetay\">Tarihi \u0130stanbul`da yeni adresiniz\u2026<\/span><\/p>\n<p>Akg\u00fcn \u0130stanbul Hotel, etraf\u0131 surlarla \u00e7evrili eski \u0130stanbul\u2019un merkezinde; tarihi Topkap\u0131 Saray\u0131, Ayasofya M\u00fczesi, Sultanahmet Camii, Kariye M\u00fczesi, efsanevi Kapal\u0131 \u00c7ar\u015f\u0131 ile di\u011fer g\u00f6rkemli camii, an\u0131t ve m\u00fczelere 2-3 km, &nbsp;Hali\u00e7 Kongre Merkezi&#8217;ne 2 km, Taksim meydan\u0131na 5 km, \u0130stanbul Havaliman\u0131\u2019na (IST) 40 km uzakl\u0131ktad\u0131r.\u0130stanbul\u2019un her noktas\u0131na ula\u015f\u0131m sa\u011flayabilece\u011finiz Metro ve otob\u00fcs duraklar\u0131 y\u00fcr\u00fcme mesafesinde (30 metre) bulunmaktad\u0131r. T\u00dcYAP Kongre Merkezi, D\u00fcnya Ticaret Merkezi (CNR), \u0130stinyePark AVM, Zorlu AVM, Kanyon AVM, Forum \u0130stanbul AVM ve \u0130stanbul Anadolu Yakas\u0131 gibi bir\u00e7ok noktaya Hotelimizin \u00f6n\u00fcnden ge\u00e7en metro hatt\u0131 ile ula\u015fabilirsiniz. \u00d6zellikle, HAVA\u0130ST otob\u00fcsleri taraf\u0131ndan 20 dakikada bir gidi\u015f-d\u00f6n\u00fc\u015f \u00e7ift tarafl\u0131 olarak y\u00fcr\u00fct\u00fclen \u0130stanbul Havaliman\u0131 (\u0130ST) transferleri, Hotelimize 30 metre mesafedeki Ulubatl\u0131 Metro ve Otob\u00fcs dura\u011f\u0131ndan ger\u00e7ekle\u015fmektedir.<\/p>\n<p>Akg\u00fcn \u0130stanbul Hotel,&nbsp;jaluzili banyoya sahip&nbsp;263 Deluxe oda (&nbsp;6 Ba\u011flant\u0131l\u0131 oda), 2 deluxe engelli odas\u0131, 10 Junior suite ve 1 Kral dairesi ile toplam 276 oda 550 yataktan olu\u015fan kapasitesiyle hizmet vermektedir.<\/p>\n<p>Akg\u00fcn \u0130stanbul Hotel, restoranlar\u0131, barlar\u0131, Starbucks Cafe, sauna, T\u00fcrk hamam\u0131, Fin hamam\u0131(buhar banyosu), gym, spa masaj merkezi, 7\/24 hizmetinizde olan oda servisi, business center, fax, printer, kapal\u0131-a\u00e7\u0131k otopark\u0131, vale servisi, bebek bak\u0131m hizmeti, \u00e7ama\u015f\u0131rhane hizmetleri, a\u00e7\u0131k havuz, bay-bayan kuaf\u00f6r\u00fc, foto\u011fraf st\u00fcdyosu ve drugstore al\u0131\u015fveri\u015f merkeziyle hizmetinizdedir.[\/vc_column_text][\/vc_column][\/vc_row][vc_row][vc_column width=&#8221;2\/3&#8243;][vc_single_image image=&#8221;1810&#8243; img_size=&#8221;full&#8221; alignment=&#8221;center&#8221; css=&#8221;.vc_custom_1596066078044{margin-top: -20px !important;}&#8221;][vc_single_image image=&#8221;1988&#8243; img_size=&#8221;250&#215;91&#8243; alignment=&#8221;center&#8221;][\/vc_column][vc_column width=&#8221;1\/3&#8243;][vc_column_text css=&#8221;.vc_custom_1615390635003{margin-top: -30px !important;}&#8221;]<\/p>\n<p style=\"text-align: center;\"><a href=\"https:\/\/akgunhotel.com\/bike-friendly\/\" rel=\"attachment wp-att-1890\"><img loading=\"lazy\" decoding=\"async\" class=\"size-full wp-image-1890 aligncenter\" src=\"https:\/\/akgunhotel.com\/wp-content\/uploads\/2021\/03\/bikefriendlyistanbulhotel.png\" alt=\"\" width=\"148\" height=\"113\"><\/a><a href=\"https:\/\/akgunhotel.com\/bike-friendly\/\">Bisiklet Dostu Hizmetlerimiz<\/a><\/p>\n<p>[\/vc_column_text][\/vc_column][\/vc_row][vc_row][vc_column width=&#8221;1\/3&#8243;][vc_single_image image=&#8221;731&#8243; img_size=&#8221;full&#8221; alignment=&#8221;center&#8221; onclick=&#8221;custom_link&#8221; img_link_target=&#8221;_blank&#8221; link=&#8221;https:\/\/akgunhotel.com\/wp-content\/uploads\/2023\/06\/FACTSHEET-TR_optimize.pdf&#8221;][\/vc_column][vc_column width=&#8221;1\/3&#8243;][vc_single_image image=&#8221;730&#8243; img_size=&#8221;full&#8221; alignment=&#8221;center&#8221; onclick=&#8221;custom_link&#8221; img_link_target=&#8221;_blank&#8221; link=&#8221;https:\/\/akgunhotel.com\/wp-content\/uploads\/2023\/06\/FACTSHEET-ENG_optimize.pdf&#8221;][\/vc_column][vc_column width=&#8221;1\/3&#8243;][vc_single_image image=&#8221;1782&#8243; img_size=&#8221;full&#8221; alignment=&#8221;center&#8221; onclick=&#8221;custom_link&#8221; link=&#8221;https:\/\/akgunhotel.com\/fotograf-galerisi\/&#8221;][\/vc_column][\/vc_row]<\/p>\n<\/section>","protected":false},"excerpt":{"rendered":"[vc_row][vc_column][vc_separator color=&#8221;white&#8221;][vc_single_image image=&#8221;1970&#8243; img_size=&#8221;full&#8221; alignment=&#8221;center&#8221;][vc_column_text]Tarihi \u0130stanbul`da yeni adresiniz\u2026 Akg\u00fcn \u0130stanbul Hotel, etraf\u0131 surlarla \u00e7evrili eski \u0130stanbul\u2019un merkezinde; tarihi Topkap\u0131 Saray\u0131, Ayasofya M\u00fczesi, Sultanahmet Camii, Kariye M\u00fczesi, efsanevi Kapal\u0131 \u00c7ar\u015f\u0131 ile di\u011fer g\u00f6rkemli camii, an\u0131t ve m\u00fczelere 2-3 km, &nbsp;Hali\u00e7 Kongre Merkezi&#8217;ne 2 km, Taksim meydan\u0131na 5 km, \u0130stanbul Havaliman\u0131\u2019na (IST) [&hellip;]","protected":false},"author":1,"featured_media":0,"parent":0,"menu_order":0,"comment_status":"closed","ping_status":"open","template":"template-fullsize-gallery2.php","meta":{"ngg_post_thumbnail":0,"footnotes":""},"class_list":["post-107","page","type-page","status-publish","hentry"],"_links":{"self":[{"href":"https:\/\/akgunhotel.com\/tr\/wp-json\/wp\/v2\/pages\/107","targetHints":{"allow":["GET"]}}],"collection":[{"href":"https:\/\/akgunhotel.com\/tr\/wp-json\/wp\/v2\/pages"}],"about":[{"href":"https:\/\/akgunhotel.com\/tr\/wp-json\/wp\/v2\/types\/page"}],"author":[{"embeddable":true,"href":"https:\/\/akgunhotel.com\/tr\/wp-json\/wp\/v2\/users\/1"}],"replies":[{"embeddable":true,"href":"https:\/\/akgunhotel.com\/tr\/wp-json\/wp\/v2\/comments?post=107"}],"version-history":[{"count":119,"href":"https:\/\/akgunhotel.com\/tr\/wp-json\/wp\/v2\/pages\/107\/revisions"}],"predecessor-version":[{"id":2042,"href":"https:\/\/akgunhotel.com\/tr\/wp-json\/wp\/v2\/pages\/107\/revisions\/2042"}],"wp:attachment":[{"href":"https:\/\/akgunhotel.com\/tr\/wp-json\/wp\/v2\/media?parent=107"}],"curies":[{"name":"wp","href":"https:\/\/api.w.org\/{rel}","templated":true}]}}