{"id":110,"date":"2016-09-14T14:34:20","date_gmt":"2016-09-14T11:34:20","guid":{"rendered":"https:\/\/akgunhotel.com\/?page_id=110"},"modified":"2020-03-10T20:50:22","modified_gmt":"2020-03-10T17:50:22","slug":"odalar","status":"publish","type":"page","link":"https:\/\/akgunhotel.com\/tr\/odalar\/","title":{"rendered":"Odalar"},"content":{"rendered":"<section class=\"wpb-content-wrapper\"><p>[vc_row][vc_column][vc_separator color=&#8221;white&#8221;][\/vc_column][\/vc_row][vc_row equal_height=&#8221;yes&#8221; content_placement=&#8221;top&#8221;][vc_column width=&#8221;1\/3&#8243;][vc_single_image image=&#8221;1085&#8243; img_size=&#8221;300&#215;180&#8243; alignment=&#8221;center&#8221; onclick=&#8221;custom_link&#8221; link=&#8221;https:\/\/akgunhotel.com\/odalar\/deluxetekkisilikoda\/ &#8220;][vc_column_text css=&#8221;.vc_custom_1485226289713{margin-top: -60px !important;margin-left: 10px !important;}&#8221;]<\/p>\n<h5><strong>Deluxe Tek Ki\u015filik<\/strong><\/h5>\n<p>[\/vc_column_text][\/vc_column][vc_column width=&#8221;1\/3&#8243;][vc_single_image image=&#8221;1086&#8243; img_size=&#8221;300&#215;180&#8243; alignment=&#8221;center&#8221; onclick=&#8221;custom_link&#8221; link=&#8221;https:\/\/akgunhotel.com\/odalar\/deluxe-cift-kisilik\/&#8221;][vc_column_text css=&#8221;.vc_custom_1485226280564{margin-top: -60px !important;margin-left: 10px !important;}&#8221;]<\/p>\n<h5><strong>Deluxe \u00c7ift Ki\u015filik<\/strong><\/h5>\n<p>[\/vc_column_text][\/vc_column][vc_column width=&#8221;1\/3&#8243;][vc_single_image image=&#8221;1084&#8243; img_size=&#8221;300&#215;180&#8243; alignment=&#8221;center&#8221; onclick=&#8221;custom_link&#8221; link=&#8221;https:\/\/akgunhotel.com\/odalar\/deluxe-uc-kisilik\/&#8221;][vc_column_text css=&#8221;.vc_custom_1485226334433{margin-top: -60px !important;margin-left: 10px !important;}&#8221;]<\/p>\n<h5><strong>Deluxe \u00dc\u00e7 Ki\u015filik<\/strong><\/h5>\n<p>[\/vc_column_text][\/vc_column][\/vc_row][vc_row][vc_column width=&#8221;1\/3&#8243;][vc_single_image image=&#8221;652&#8243; img_size=&#8221;300&#215;180&#8243; alignment=&#8221;center&#8221; onclick=&#8221;custom_link&#8221; link=&#8221;https:\/\/akgunhotel.com\/odalar\/deluxe-aile-odasi\/&#8221;][vc_column_text css=&#8221;.vc_custom_1485226377905{margin-top: -60px !important;margin-left: 10px !important;}&#8221;]<\/p>\n<h5><strong>Deluxe Aile Odas\u0131<\/strong><\/h5>\n<p>[\/vc_column_text][\/vc_column][vc_column width=&#8221;1\/3&#8243;][vc_single_image image=&#8221;653&#8243; img_size=&#8221;300&#215;180&#8243; alignment=&#8221;center&#8221; onclick=&#8221;custom_link&#8221; link=&#8221;https:\/\/akgunhotel.com\/odalar\/junior-suite\/&#8221;][vc_column_text css=&#8221;.vc_custom_1485226413812{margin-top: -60px !important;margin-left: 10px !important;}&#8221;]<\/p>\n<h5><strong>Junior Suit<\/strong><\/h5>\n<p>[\/vc_column_text][\/vc_column][vc_column width=&#8221;1\/3&#8243;][vc_single_image image=&#8221;649&#8243; img_size=&#8221;300&#215;180&#8243; alignment=&#8221;center&#8221; onclick=&#8221;custom_link&#8221; link=&#8221;https:\/\/akgunhotel.com\/odalar\/kral-dairesi\/&#8221;][vc_column_text css=&#8221;.vc_custom_1485226469682{margin-top: -60px !important;margin-left: 10px !important;}&#8221;]<\/p>\n<h5><strong>Kral Dairesi<\/strong><\/h5>\n<p>[\/vc_column_text][\/vc_column][\/vc_row]<\/p>\n<\/section>","protected":false},"excerpt":{"rendered":"[vc_row][vc_column][vc_separator color=&#8221;white&#8221;][\/vc_column][\/vc_row][vc_row equal_height=&#8221;yes&#8221; content_placement=&#8221;top&#8221;][vc_column width=&#8221;1\/3&#8243;][vc_single_image image=&#8221;1085&#8243; img_size=&#8221;300&#215;180&#8243; alignment=&#8221;center&#8221; onclick=&#8221;custom_link&#8221; link=&#8221;https:\/\/akgunhotel.com\/odalar\/deluxetekkisilikoda\/ &#8220;][vc_column_text css=&#8221;.vc_custom_1485226289713{margin-top: -60px !important;margin-left: 10px !important;}&#8221;] Deluxe Tek Ki\u015filik [\/vc_column_text][\/vc_column][vc_column width=&#8221;1\/3&#8243;][vc_single_image image=&#8221;1086&#8243; img_size=&#8221;300&#215;180&#8243; alignment=&#8221;center&#8221; onclick=&#8221;custom_link&#8221; link=&#8221;https:\/\/akgunhotel.com\/odalar\/deluxe-cift-kisilik\/&#8221;][vc_column_text css=&#8221;.vc_custom_1485226280564{margin-top: -60px !important;margin-left: 10px !important;}&#8221;] Deluxe \u00c7ift Ki\u015filik [\/vc_column_text][\/vc_column][vc_column width=&#8221;1\/3&#8243;][vc_single_image image=&#8221;1084&#8243; img_size=&#8221;300&#215;180&#8243; alignment=&#8221;center&#8221; onclick=&#8221;custom_link&#8221; link=&#8221;https:\/\/akgunhotel.com\/odalar\/deluxe-uc-kisilik\/&#8221;][vc_column_text css=&#8221;.vc_custom_1485226334433{margin-top: -60px !important;margin-left: 10px !important;}&#8221;] Deluxe \u00dc\u00e7 Ki\u015filik [\/vc_column_text][\/vc_column][\/vc_row][vc_row][vc_column [&hellip;]","protected":false},"author":1,"featured_media":0,"parent":0,"menu_order":0,"comment_status":"closed","ping_status":"open","template":"template-fullsize-gallery2.php","meta":{"ngg_post_thumbnail":0,"footnotes":""},"class_list":["post-110","page","type-page","status-publish","hentry"],"_links":{"self":[{"href":"https:\/\/akgunhotel.com\/tr\/wp-json\/wp\/v2\/pages\/110","targetHints":{"allow":["GET"]}}],"collection":[{"href":"https:\/\/akgunhotel.com\/tr\/wp-json\/wp\/v2\/pages"}],"about":[{"href":"https:\/\/akgunhotel.com\/tr\/wp-json\/wp\/v2\/types\/page"}],"author":[{"embeddable":true,"href":"https:\/\/akgunhotel.com\/tr\/wp-json\/wp\/v2\/users\/1"}],"replies":[{"embeddable":true,"href":"https:\/\/akgunhotel.com\/tr\/wp-json\/wp\/v2\/comments?post=110"}],"version-history":[{"count":75,"href":"https:\/\/akgunhotel.com\/tr\/wp-json\/wp\/v2\/pages\/110\/revisions"}],"predecessor-version":[{"id":1757,"href":"https:\/\/akgunhotel.com\/tr\/wp-json\/wp\/v2\/pages\/110\/revisions\/1757"}],"wp:attachment":[{"href":"https:\/\/akgunhotel.com\/tr\/wp-json\/wp\/v2\/media?parent=110"}],"curies":[{"name":"wp","href":"https:\/\/api.w.org\/{rel}","templated":true}]}}