{"id":119,"date":"2016-09-14T14:36:33","date_gmt":"2016-09-14T11:36:33","guid":{"rendered":"https:\/\/akgunhotel.com\/?page_id=119"},"modified":"2017-10-18T16:05:45","modified_gmt":"2017-10-18T13:05:45","slug":"deluxe-aile-odasi","status":"publish","type":"page","link":"https:\/\/akgunhotel.com\/tr\/odalar\/deluxe-aile-odasi\/","title":{"rendered":"Deluxe Aile Odas\u0131"},"content":{"rendered":"<section class=\"wpb-content-wrapper\"><p>[vc_row css=&#8221;.vc_custom_1474378732905{padding-bottom: -20px !important;}&#8221;][vc_column width=&#8221;1\/2&#8243; css=&#8221;.vc_custom_1474379015693{margin-bottom: -70px !important;}&#8221;][vc_gallery type=&#8221;flexslider_slide&#8221; interval=&#8221;3&#8243; images=&#8221;439,1056,1057,1058,1059,433,431,432&#8243; img_size=&#8221;500&#215;300&#8243;][\/vc_column][vc_column width=&#8221;1\/2&#8243;][vc_column_text]Akg\u00fcn \u0130stanbul Hotel, seyahat ve ticaret ama\u00e7l\u0131 gelen misafirlerimizin ihtiya\u00e7 duyabilece\u011fi her t\u00fcrl\u00fc konfora sahiptir.<br \/>\nT\u00fcm deluxe aile odalar\u0131nda (63 m2) ortopedik yatak, \u00f6zel yast\u0131k men\u00fcs\u00fc, terlik, jaluzili \u015f\u0131k bir banyo, uydu yay\u0131nl\u0131 LCD Tv, odadaki telefonlarda direk \u00e7\u0131k\u0131\u015f, banyo telefonu, sa\u00e7 kurutma makinesi, minibar, klima, \u00f6zel kasa, \u00fccretsiz kablosuz internet (Wifi), \u00e7ay ve kahve kettle hizmeti, 7\/24 hizmetinizde olan oda servisi, \u00fccretsiz otopark ve vale servisi, T\u00fcrk hamam\u0131, sauna, Fin hamam\u0131, buhar banyosu ve spa merkezimize \u00fccretsiz giri\u015f mevcuttur.[\/vc_column_text][vc_btn title=&#8221;Rezervasyon Yap&#8221; style=&#8221;3d&#8221; color=&#8221;inverse&#8221; size=&#8221;sm&#8221; align=&#8221;center&#8221; button_block=&#8221;true&#8221; link=&#8221;url:https%3A%2F%2Fsecure.phobs.net%2Fbooking.php%3Fcompany_id%3D6ad58a16323015b27c34323c2cbb0c9b%26hotel%3D37d87b29185a638966e0b348ba573f95%26date%3Dtoday%26nights%3D1%26lang%3Den||target:%20_blank&#8221;][\/vc_column][\/vc_row][vc_row][vc_column][vc_text_separator title=&#8221;\u00d6zellikler&#8221; color=&#8221;white&#8221;][\/vc_column][\/vc_row][vc_row][vc_column width=&#8221;1\/2&#8243;][vc_column_text]<\/p>\n<ul class=\"inpage-list fl\">\n<li>63m2 Oda Geni\u015fli\u011fi<\/li>\n<li>Merkezi\u00a0Aircondition<\/li>\n<li>\u00dccretsiz \u0130nternet Eri\u015fimi<\/li>\n<li>Led Ekran Televizyon<\/li>\n<li>\u00c7al\u0131\u015fma Masas\u0131<\/li>\n<li>Oda Telefonu<\/li>\n<li>Banyo Telefonu<\/li>\n<li>Emanet Kasas\u0131<\/li>\n<li>Minibar<\/li>\n<li>Sa\u00e7 Kurutma Makinesi<\/li>\n<\/ul>\n<p>[\/vc_column_text][\/vc_column][vc_column width=&#8221;1\/2&#8243;][vc_column_text]<\/p>\n<ul class=\"inpage-list fl\">\n<li>Elektronik Kap\u0131 sistemi<\/li>\n<li>Duman Dedekt\u00f6r\u00fc<\/li>\n<li>Yast\u0131k Men\u00fcs\u00fc<\/li>\n<li>Sigara \u0130\u00e7ilebilen \/ Sigara \u0130\u00e7ilmeyen Odalar<\/li>\n<li>Anti-Alerjik Oda<\/li>\n<li>Bornoz<\/li>\n<li>Late C-out (Ge\u00e7 \u00c7\u0131k\u0131\u015f) imkan\u0131 (m\u00fcsaitli\u011fe g\u00f6re uygulanmaktad\u0131r)<\/li>\n<li>Kahvalt\u0131 Servisi<\/li>\n<li>Concierge hizmeti<\/li>\n<li>Engelliye Uygun Oda<\/li>\n<\/ul>\n<p>[\/vc_column_text][\/vc_column][\/vc_row]<\/p>\n<\/section>","protected":false},"excerpt":{"rendered":"[vc_row css=&#8221;.vc_custom_1474378732905{padding-bottom: -20px !important;}&#8221;][vc_column width=&#8221;1\/2&#8243; css=&#8221;.vc_custom_1474379015693{margin-bottom: -70px !important;}&#8221;][vc_gallery type=&#8221;flexslider_slide&#8221; interval=&#8221;3&#8243; images=&#8221;439,1056,1057,1058,1059,433,431,432&#8243; img_size=&#8221;500&#215;300&#8243;][\/vc_column][vc_column width=&#8221;1\/2&#8243;][vc_column_text]Akg\u00fcn \u0130stanbul Hotel, seyahat ve ticaret ama\u00e7l\u0131 gelen misafirlerimizin ihtiya\u00e7 duyabilece\u011fi her t\u00fcrl\u00fc konfora sahiptir. T\u00fcm deluxe aile odalar\u0131nda (63 m2) ortopedik yatak, \u00f6zel yast\u0131k men\u00fcs\u00fc, terlik, jaluzili \u015f\u0131k bir banyo, uydu yay\u0131nl\u0131 LCD Tv, odadaki telefonlarda direk [&hellip;]","protected":false},"author":1,"featured_media":0,"parent":110,"menu_order":0,"comment_status":"closed","ping_status":"closed","template":"template-fullsize-gallery2.php","meta":{"ngg_post_thumbnail":0,"footnotes":""},"class_list":["post-119","page","type-page","status-publish","hentry"],"_links":{"self":[{"href":"https:\/\/akgunhotel.com\/tr\/wp-json\/wp\/v2\/pages\/119","targetHints":{"allow":["GET"]}}],"collection":[{"href":"https:\/\/akgunhotel.com\/tr\/wp-json\/wp\/v2\/pages"}],"about":[{"href":"https:\/\/akgunhotel.com\/tr\/wp-json\/wp\/v2\/types\/page"}],"author":[{"embeddable":true,"href":"https:\/\/akgunhotel.com\/tr\/wp-json\/wp\/v2\/users\/1"}],"replies":[{"embeddable":true,"href":"https:\/\/akgunhotel.com\/tr\/wp-json\/wp\/v2\/comments?post=119"}],"version-history":[{"count":27,"href":"https:\/\/akgunhotel.com\/tr\/wp-json\/wp\/v2\/pages\/119\/revisions"}],"predecessor-version":[{"id":1074,"href":"https:\/\/akgunhotel.com\/tr\/wp-json\/wp\/v2\/pages\/119\/revisions\/1074"}],"up":[{"embeddable":true,"href":"https:\/\/akgunhotel.com\/tr\/wp-json\/wp\/v2\/pages\/110"}],"wp:attachment":[{"href":"https:\/\/akgunhotel.com\/tr\/wp-json\/wp\/v2\/media?parent=119"}],"curies":[{"name":"wp","href":"https:\/\/api.w.org\/{rel}","templated":true}]}}