{"id":125,"date":"2016-09-14T14:38:06","date_gmt":"2016-09-14T11:38:06","guid":{"rendered":"https:\/\/akgunhotel.com\/?page_id=125"},"modified":"2017-02-13T04:13:56","modified_gmt":"2017-02-13T02:13:56","slug":"kral-dairesi","status":"publish","type":"page","link":"https:\/\/akgunhotel.com\/tr\/odalar\/kral-dairesi\/","title":{"rendered":"Kral Dairesi"},"content":{"rendered":"<section class=\"wpb-content-wrapper\"><p>[vc_row css=&#8221;.vc_custom_1474378732905{padding-bottom: -20px !important;}&#8221;][vc_column width=&#8221;1\/2&#8243; css=&#8221;.vc_custom_1474379015693{margin-bottom: -70px !important;}&#8221;][vc_gallery type=&#8221;flexslider_slide&#8221; interval=&#8221;3&#8243; images=&#8221;453,451,456,431,432&#8243; img_size=&#8221;500&#215;300&#8243;][\/vc_column][vc_column width=&#8221;1\/2&#8243;][vc_column_text]Kral dairemiz, yar\u0131 klasik dekore edilmi\u015f olup, 100 metrekarelik ya\u015fam alan\u0131 ile geni\u015f, zarif ve zengin aksesuarlara sahiptir. Banyosunda jakuzisi mevcut olan dairemizden Fatih Camii, Kariye Camii, Ayasofya M\u00fczesi, Sultanahmet Camii ile \u0130stanbul Bo\u011faz\u0131 ve adalar manzaras\u0131n\u0131 izlerken kendinizi son derece \u00f6zel hissedeceksiniz.[\/vc_column_text][vc_btn title=&#8221;Rezervasyon Yap&#8221; style=&#8221;3d&#8221; color=&#8221;inverse&#8221; size=&#8221;sm&#8221; align=&#8221;center&#8221; button_block=&#8221;true&#8221; link=&#8221;url:https%3A%2F%2Fsecure.phobs.net%2Fbooking.php%3Fcompany_id%3D6ad58a16323015b27c34323c2cbb0c9b%26hotel%3D37d87b29185a638966e0b348ba573f95%26date%3Dtoday%26nights%3D1%26lang%3Den|title:Online%20istanbul%20hotel%20rezervation|target:%20_blank&#8221;][\/vc_column][\/vc_row][vc_row][vc_column][vc_text_separator title=&#8221;\u00d6zellikler&#8221; color=&#8221;white&#8221;][\/vc_column][\/vc_row][vc_row][vc_column width=&#8221;1\/2&#8243;][vc_column_text]100m2 Oda Geni\u015fli\u011fi<br \/>\nMerkezi Aircondition<br \/>\n\u00dccretsiz \u0130nternet Eri\u015fimi<br \/>\nLed Ekran Televizyon<br \/>\n\u00c7al\u0131\u015fma Masas\u0131<br \/>\nOda Telefonu<br \/>\nBanyo Telefonu<br \/>\nEmanet Kasas\u0131<br \/>\nMinibar<br \/>\nSa\u00e7 Kurutma Makinesi[\/vc_column_text][\/vc_column][vc_column width=&#8221;1\/2&#8243;][vc_column_text]<\/p>\n<p>Elektronik Kap\u0131 sistemi<br \/>\nDuman Dedekt\u00f6r\u00fc<br \/>\nYast\u0131k Men\u00fcs\u00fc<br \/>\nSigara \u0130\u00e7ilebilen \/ Sigara \u0130\u00e7ilmeyen Odalar<br \/>\nAnti-Alerjik Oda<br \/>\nBornoz<br \/>\nLate C-out (Ge\u00e7 \u00c7\u0131k\u0131\u015f) imkan\u0131 (m\u00fcsaitli\u011fe g\u00f6re uygulanmaktad\u0131r)<br \/>\nKahvalt\u0131 Servisi<br \/>\nConcierge hizmeti<br \/>\n[\/vc_column_text][\/vc_column][\/vc_row]<\/p>\n<\/section>","protected":false},"excerpt":{"rendered":"[vc_row css=&#8221;.vc_custom_1474378732905{padding-bottom: -20px !important;}&#8221;][vc_column width=&#8221;1\/2&#8243; css=&#8221;.vc_custom_1474379015693{margin-bottom: -70px !important;}&#8221;][vc_gallery type=&#8221;flexslider_slide&#8221; interval=&#8221;3&#8243; images=&#8221;453,451,456,431,432&#8243; img_size=&#8221;500&#215;300&#8243;][\/vc_column][vc_column width=&#8221;1\/2&#8243;][vc_column_text]Kral dairemiz, yar\u0131 klasik dekore edilmi\u015f olup, 100 metrekarelik ya\u015fam alan\u0131 ile geni\u015f, zarif ve zengin aksesuarlara sahiptir. Banyosunda jakuzisi mevcut olan dairemizden Fatih Camii, Kariye Camii, Ayasofya M\u00fczesi, Sultanahmet Camii ile \u0130stanbul Bo\u011faz\u0131 ve adalar manzaras\u0131n\u0131 izlerken [&hellip;]","protected":false},"author":1,"featured_media":0,"parent":110,"menu_order":0,"comment_status":"closed","ping_status":"closed","template":"template-fullsize-gallery2.php","meta":{"ngg_post_thumbnail":0,"footnotes":""},"class_list":["post-125","page","type-page","status-publish","hentry"],"_links":{"self":[{"href":"https:\/\/akgunhotel.com\/tr\/wp-json\/wp\/v2\/pages\/125","targetHints":{"allow":["GET"]}}],"collection":[{"href":"https:\/\/akgunhotel.com\/tr\/wp-json\/wp\/v2\/pages"}],"about":[{"href":"https:\/\/akgunhotel.com\/tr\/wp-json\/wp\/v2\/types\/page"}],"author":[{"embeddable":true,"href":"https:\/\/akgunhotel.com\/tr\/wp-json\/wp\/v2\/users\/1"}],"replies":[{"embeddable":true,"href":"https:\/\/akgunhotel.com\/tr\/wp-json\/wp\/v2\/comments?post=125"}],"version-history":[{"count":18,"href":"https:\/\/akgunhotel.com\/tr\/wp-json\/wp\/v2\/pages\/125\/revisions"}],"predecessor-version":[{"id":721,"href":"https:\/\/akgunhotel.com\/tr\/wp-json\/wp\/v2\/pages\/125\/revisions\/721"}],"up":[{"embeddable":true,"href":"https:\/\/akgunhotel.com\/tr\/wp-json\/wp\/v2\/pages\/110"}],"wp:attachment":[{"href":"https:\/\/akgunhotel.com\/tr\/wp-json\/wp\/v2\/media?parent=125"}],"curies":[{"name":"wp","href":"https:\/\/api.w.org\/{rel}","templated":true}]}}