{"id":133,"date":"2016-09-14T14:39:52","date_gmt":"2016-09-14T11:39:52","guid":{"rendered":"https:\/\/akgunhotel.com\/?page_id=133"},"modified":"2017-03-24T23:49:42","modified_gmt":"2017-03-24T20:49:42","slug":"aktiviteler","status":"publish","type":"page","link":"https:\/\/akgunhotel.com\/tr\/aktiviteler\/","title":{"rendered":"Aktiviteler"},"content":{"rendered":"<section class=\"wpb-content-wrapper\"><p>[vc_row][vc_column][vc_separator color=&#8221;white&#8221;][vc_column_text]Stresli bir g\u00fcn\u00fcn sonras\u0131nda Spa merkezimizde bulunan geleneksel T\u00fcrk Hamam\u0131, Sauna, Fin hamam\u0131yla(buhar banyosu), Gym ve b\u00fct\u00fcn uluslararas\u0131 masaj\u00a0\u00e7e\u015fitleriyle kendinizi rahat,dinamik ve enerjik hissedebilirsiniz.[\/vc_column_text][\/vc_column][\/vc_row]<\/p>\n<\/section>","protected":false},"excerpt":{"rendered":"[vc_row][vc_column][vc_separator color=&#8221;white&#8221;][vc_column_text]Stresli bir g\u00fcn\u00fcn sonras\u0131nda Spa merkezimizde bulunan geleneksel T\u00fcrk Hamam\u0131, Sauna, Fin hamam\u0131yla(buhar banyosu), Gym ve b\u00fct\u00fcn uluslararas\u0131 masaj\u00a0\u00e7e\u015fitleriyle kendinizi rahat,dinamik ve enerjik hissedebilirsiniz.[\/vc_column_text][\/vc_column][\/vc_row]","protected":false},"author":1,"featured_media":0,"parent":0,"menu_order":0,"comment_status":"closed","ping_status":"closed","template":"template-fullsize-gallery2.php","meta":{"ngg_post_thumbnail":0,"footnotes":""},"class_list":["post-133","page","type-page","status-publish","hentry"],"_links":{"self":[{"href":"https:\/\/akgunhotel.com\/tr\/wp-json\/wp\/v2\/pages\/133","targetHints":{"allow":["GET"]}}],"collection":[{"href":"https:\/\/akgunhotel.com\/tr\/wp-json\/wp\/v2\/pages"}],"about":[{"href":"https:\/\/akgunhotel.com\/tr\/wp-json\/wp\/v2\/types\/page"}],"author":[{"embeddable":true,"href":"https:\/\/akgunhotel.com\/tr\/wp-json\/wp\/v2\/users\/1"}],"replies":[{"embeddable":true,"href":"https:\/\/akgunhotel.com\/tr\/wp-json\/wp\/v2\/comments?post=133"}],"version-history":[{"count":11,"href":"https:\/\/akgunhotel.com\/tr\/wp-json\/wp\/v2\/pages\/133\/revisions"}],"predecessor-version":[{"id":984,"href":"https:\/\/akgunhotel.com\/tr\/wp-json\/wp\/v2\/pages\/133\/revisions\/984"}],"wp:attachment":[{"href":"https:\/\/akgunhotel.com\/tr\/wp-json\/wp\/v2\/media?parent=133"}],"curies":[{"name":"wp","href":"https:\/\/api.w.org\/{rel}","templated":true}]}}