{"id":146,"date":"2016-09-14T14:46:02","date_gmt":"2016-09-14T11:46:02","guid":{"rendered":"https:\/\/akgunhotel.com\/?page_id=146"},"modified":"2017-01-03T09:50:27","modified_gmt":"2017-01-03T06:50:27","slug":"dugun","status":"publish","type":"page","link":"https:\/\/akgunhotel.com\/tr\/toplantilar-davetler\/dugun\/","title":{"rendered":"D\u00fc\u011f\u00fcn"},"content":{"rendered":"<section class=\"wpb-content-wrapper\"><p>[vc_row][vc_column][vc_separator color=&#8221;white&#8221;][vc_column_text]<\/p>\n<p>[\/vc_column_text][vc_column_text]Balo salonumuzda ve yaz aylar\u0131nda havuz ba\u015f\u0131nda sizlerin de memnun kalaca\u011f\u0131n\u0131za emin oldu\u011fumuz d\u00fc\u011f\u00fcn, ni\u015fan ve t\u00fcm organizasyonlar\u0131n\u0131z\u0131,unutulmaz bir gece haline getirmek i\u00e7in t\u00fcm Akg\u00fcn \u0130stanbul Hotel ekibi olarak emrinizdeyiz.T\u00fcm detaylar\u0131 d\u00fc\u015f\u00fcn\u00fclerek haz\u0131rlanm\u0131\u015f olan d\u00fc\u011f\u00fcn paketlerimiz,klasik dekorumuz,farkl\u0131 men\u00fc se\u00e7eneklerimiz,m\u00fckemmel hizmetimiz ile r\u00fcya d\u00fc\u011f\u00fcnler i\u00e7in sizleri Akg\u00fcn \u0130stanbul Hotel\u2019e davet ediyoruz.<\/p>\n<p><strong>D\u00fcg\u00fcn Paketi;<\/strong><br \/>\n\u2022\u00a0\u00a0\u00a0 D\u00fc\u011f\u00fcn Pastas\u0131<br \/>\n\u2022\u00a0\u00a0\u00a0 Balay\u0131 suiti ve kahvalt\u0131<br \/>\n\u2022\u00a0\u00a0\u00a0 Men\u00fc se\u00e7enekleri<br \/>\n\u2022\u00a0\u00a0\u00a0 Giri\u015f Seremonisi<br \/>\n\u2022\u00a0\u00a0\u00a0 \u00d6zel dekore edilerek s\u00fcslenmi\u015f\u00a0 masalar ve sandalyeler<\/p>\n<p><strong>Ve Opsiyonel Extra Se\u00e7enekler;<\/strong><br \/>\n\u2022\u00a0\u00a0\u00a0 \u00c7i\u00e7ekler<br \/>\n\u2022\u00a0\u00a0\u00a0 M\u00fczik ve orkestra<br \/>\n\u2022\u00a0\u00a0\u00a0 I\u015f\u0131k g\u00f6sterileri<br \/>\n\u2022\u00a0\u00a0\u00a0 Video ve foto\u011fraf[\/vc_column_text][\/vc_column][\/vc_row]<\/p>\n<\/section>","protected":false},"excerpt":{"rendered":"[vc_row][vc_column][vc_separator color=&#8221;white&#8221;][vc_column_text] [\/vc_column_text][vc_column_text]Balo salonumuzda ve yaz aylar\u0131nda havuz ba\u015f\u0131nda sizlerin de memnun kalaca\u011f\u0131n\u0131za emin oldu\u011fumuz d\u00fc\u011f\u00fcn, ni\u015fan ve t\u00fcm organizasyonlar\u0131n\u0131z\u0131,unutulmaz bir gece haline getirmek i\u00e7in t\u00fcm Akg\u00fcn \u0130stanbul Hotel ekibi olarak emrinizdeyiz.T\u00fcm detaylar\u0131 d\u00fc\u015f\u00fcn\u00fclerek haz\u0131rlanm\u0131\u015f olan d\u00fc\u011f\u00fcn paketlerimiz,klasik dekorumuz,farkl\u0131 men\u00fc se\u00e7eneklerimiz,m\u00fckemmel hizmetimiz ile r\u00fcya d\u00fc\u011f\u00fcnler i\u00e7in sizleri Akg\u00fcn \u0130stanbul Hotel\u2019e [&hellip;]","protected":false},"author":1,"featured_media":0,"parent":130,"menu_order":0,"comment_status":"closed","ping_status":"closed","template":"template-fullsize-gallery2.php","meta":{"ngg_post_thumbnail":0,"footnotes":""},"class_list":["post-146","page","type-page","status-publish","hentry"],"_links":{"self":[{"href":"https:\/\/akgunhotel.com\/tr\/wp-json\/wp\/v2\/pages\/146","targetHints":{"allow":["GET"]}}],"collection":[{"href":"https:\/\/akgunhotel.com\/tr\/wp-json\/wp\/v2\/pages"}],"about":[{"href":"https:\/\/akgunhotel.com\/tr\/wp-json\/wp\/v2\/types\/page"}],"author":[{"embeddable":true,"href":"https:\/\/akgunhotel.com\/tr\/wp-json\/wp\/v2\/users\/1"}],"replies":[{"embeddable":true,"href":"https:\/\/akgunhotel.com\/tr\/wp-json\/wp\/v2\/comments?post=146"}],"version-history":[{"count":7,"href":"https:\/\/akgunhotel.com\/tr\/wp-json\/wp\/v2\/pages\/146\/revisions"}],"predecessor-version":[{"id":624,"href":"https:\/\/akgunhotel.com\/tr\/wp-json\/wp\/v2\/pages\/146\/revisions\/624"}],"up":[{"embeddable":true,"href":"https:\/\/akgunhotel.com\/tr\/wp-json\/wp\/v2\/pages\/130"}],"wp:attachment":[{"href":"https:\/\/akgunhotel.com\/tr\/wp-json\/wp\/v2\/media?parent=146"}],"curies":[{"name":"wp","href":"https:\/\/api.w.org\/{rel}","templated":true}]}}