{"id":1851,"date":"2021-03-08T15:32:34","date_gmt":"2021-03-08T12:32:34","guid":{"rendered":"https:\/\/akgunhotel.com\/?page_id=1851"},"modified":"2023-06-16T14:16:28","modified_gmt":"2023-06-16T11:16:28","slug":"gdpr-privacy-policy","status":"publish","type":"page","link":"https:\/\/akgunhotel.com\/tr\/gdpr-privacy-policy\/","title":{"rendered":"KVKK Ayd\u0131nlatma Metni"},"content":{"rendered":"<section class=\"wpb-content-wrapper\"><p>[vc_row][vc_column][vc_column_text]<strong>K\u0130\u015e\u0130SEL VER\u0130LER\u0130N \u0130\u015eLENMES\u0130NE Y\u00d6NEL\u0130K AYDINLATMA METN\u0130<\/strong><\/p>\n<p>Ki\u015fisel Verilerinin \u0130\u015flenmesine Y\u00f6nelik Ayd\u0131nlatma Metni (\u201cAyd\u0131nlatma Metni\u201d) ile Akg\u00fcn Turizm \u0130\u015fletmeleri Sanayi ve Ticaret A.\u015e. (\u201cAkg\u00fcn\u201d) olarak, 6698 say\u0131l\u0131 Ki\u015fisel Verilerin Korunmas\u0131 Kanunu (\u201cKVKK\u201d) uyar\u0131nca, Veri Sorumlusu s\u0131fat\u0131yla, KVKK kapsam\u0131ndaki ayd\u0131nlatma y\u00fck\u00fcml\u00fcl\u00fc\u011f\u00fcm\u00fcz \u00e7er\u00e7evesinde sizleri bilgilendirmek istiyoruz.<\/p>\n<ol>\n<li><strong>Ki\u015fisel Verilerinizi Toplanma Y\u00f6ntemimiz ve Hukuki Sebepler<\/strong><\/li>\n<\/ol>\n<p>\u0130\u015fbu Ayd\u0131nlatma Metni\u2019nde ifade edilen Ki\u015fisel Veri i\u015flemeleri KVKK, ilgili mevzuat ve Akg\u00fcn Ki\u015fisel Verilerin Korunmas\u0131 Politikas\u0131\u2019na uygun surette ger\u00e7ekle\u015ftirilmektedir. Ki\u015fisel Verilerinizin korunmas\u0131na y\u00f6nelik politikam\u0131za internet sitemizi ziyaret ederek ula\u015fabilirsiniz.<\/p>\n<p>KVKK gere\u011fince, a\u015fa\u011f\u0131da say\u0131lanlar ve bunlara ileride eklenebilecek sair kanallar vas\u0131tas\u0131yla Ki\u015fisel Verilerinizi otomatik yahut otomatik olmayan yollarla, s\u00f6zl\u00fc, yaz\u0131l\u0131 veya elektronik \u015fekilde a\u015fa\u011f\u0131daki y\u00f6ntemlerle toplamakta ve KVKK Madde 5.1, Madde 5.2, Madde 6.2 ve Madde 6.3 kapsam\u0131nda i\u015flemekteyiz:<\/p>\n<p>www.akgunhotel.com adresli internet sitelerimiz ba\u015fta olmak \u00fczere sair internet sitelerimiz (\u201c\u0130nternet Siteleri\u201d), mobil ve sair uygulamalar\u0131m\u0131z ve bir Akg\u00fcn Grup \u015eirketine ait di\u011fer t\u00fcm \u00e7evrim i\u00e7i mecralar (\u201cMedya Ara\u00e7lar\u0131\u201d) \u00fczerinden veya \u0130nternet Sitelerinde cihazlar\u0131n\u0131zla ileti\u015fim sa\u011flayan \u00e7erezler (\u201c\u00c7erez\u201d) kanal\u0131yla otomatik veya otomatik olmayan yollarla elektronik olarak,<\/p>\n<p>Akg\u00fcn y\u00f6netimindeki t\u00fcm oteller (\u201cOteller\u201d) kanal\u0131yla, otomatik veya otomatik olmayan yollarla s\u00f6zl\u00fc, yaz\u0131l\u0131 veya elektronik olarak,<\/p>\n<p>\u00c7e\u015fitli sosyal medya kanallar\u0131 \u00fczerinde Akg\u00fcn ad\u0131na i\u015fletilen hesaplar (\u201cSosyal Medya\u201d) kanal\u0131yla otomatik veya otomatik olmayan yollarla elektronik olarak,<\/p>\n<p>E-posta adreslerimiz (\u201cE-posta\u201d) \u00fczerinden y\u00fcr\u00fct\u00fclen yaz\u0131\u015fmalar, Akg\u00fcn\u2019e y\u00f6nelik sair ama\u00e7larla g\u00f6nderilen k\u0131sa mesajlar (\u201cSMS\u201d) veya multimedya mesajlar\u0131 (\u201cMMS\u201d) dahil sair ileti\u015fim y\u00f6ntemleri ile her t\u00fcrl\u00fc ileti\u015fim ara\u00e7lar\u0131 (\u201c\u0130leti\u015fim Ara\u00e7lar\u0131\u201d) kanal\u0131yla, otomatik veya otomatik olmayan yollarla yaz\u0131l\u0131, s\u00f6zl\u00fc veya elektronik olarak,<\/p>\n<p>Akg\u00fcn yahut Akg\u00fcn\u2019in hizmet ald\u0131\u011f\u0131 \u015firketler taraf\u0131ndan y\u00f6netilen \u00e7a\u011fr\u0131 merkezlerimiz (\u201c\u00c7a\u011fr\u0131 Merkezi\u201d) kanal\u0131yla otomatik veya otomatik olmayan yollarla s\u00f6zl\u00fc veya elektronik olarak,<\/p>\n<p>Akg\u00fcn\u2019in hizmet verdi\u011fi yahut hizmet ald\u0131\u011f\u0131 grup \u015firketleri, i\u015f ortaklar\u0131, \u00fcretici firmalar veya hizmet\/\u00fcr\u00fcn tedarik etti\u011fi firmalar gibi \u00fc\u00e7\u00fcnc\u00fc ki\u015filer kanal\u0131yla otomatik veya otomatik olmayan yollarla s\u00f6zl\u00fc veya elektronik olarak.<\/p>\n<ol start=\"2\">\n<li><strong>Veri Sorumlusunun Kimli\u011fi<\/strong><\/li>\n<\/ol>\n<p>Yukar\u0131da an\u0131lan kanallar vas\u0131tas\u0131yla payla\u015ft\u0131\u011f\u0131n\u0131z Ki\u015fisel Verileriniz bak\u0131m\u0131ndan Veri Sorumlusu \u0130stanbul Ticaret Sicili nezdinde 239344 sicil numaras\u0131 ile kay\u0131tl\u0131, 0025001527100014 Mersis numaral\u0131, \u015firket merkezi Adnan Menderes Blv (Vatan Cad.) No:43 Topkap\u0131-Fatih 34093, \u0130stanbul adresinde bulunan Akg\u00fcn Turizm \u0130\u015fletmeleri Sanayi ve Ticaret A.\u015e.\u2019dir.<\/p>\n<ol start=\"3\">\n<li><strong>Ki\u015fisel Verilerinizin \u0130\u015flenme Ama\u00e7lar\u0131<\/strong><\/li>\n<\/ol>\n<p>\u0130\u015fbu Ayd\u0131nlatma Metni\u2019nde an\u0131lan kanallardan, an\u0131lan y\u00f6ntemlerle toplanan Ki\u015fisel Verileriniz a\u015fa\u011f\u0131daki ama\u00e7lar dahilinde Akg\u00fcn taraf\u0131ndan i\u015flenmektedir:<\/p>\n<p>(a) KVKK Madde 5.2 ve Madde 6.3 kapsam\u0131nda;<\/p>\n<p>(i) Kanuni y\u00fck\u00fcml\u00fcl\u00fcklerimizi (vergi mevzuat\u0131, t\u00fcketicilerin korunmas\u0131na y\u00f6nelik mevzuat, i\u015f sa\u011fl\u0131\u011f\u0131 ve g\u00fcvenli\u011fi mevzuat\u0131, bor\u00e7lar kanunu, ticaret kanunu ve sair mevzuat, telekom\u00fcnikasyon mevzuat\u0131, bankac\u0131l\u0131k mevzuat\u0131 gibi) yerine getirmek amac\u0131yla: e-fatura, e-ar\u015fiv kapsam\u0131nda yahut t\u00fcketici mevzuat\u0131n\u0131n gerekli k\u0131ld\u0131\u011f\u0131 durumlarda verilerinizin i\u015flenmesi ve ilgili d\u00fczenleme kapsam\u0131nda atfedilebilecek her t\u00fcrl\u00fc sair i\u015flemeler ile 1774 Say\u0131l\u0131 Kimlik Bildirme Kanunu gere\u011fince, otellerimizde konaklayan misafirlerimizin kimlik bilgilerinin kanuni y\u00fck\u00fcml\u00fcl\u00fc\u011f\u00fcm\u00fcz \u00e7er\u00e7evesinde kolluk kuvvetlerine bildirilmek \u00fczere i\u015flenmesi \u00f6rnek verilebilir.<\/p>\n<p>(ii) Fiili imk\u00e2ns\u0131zl\u0131k nedeniyle r\u0131zan\u0131z\u0131 a\u00e7\u0131klayamayacak durumda olman\u0131z halinde veya r\u0131zan\u0131za hukuki ge\u00e7erlilik tan\u0131nmayan sizin yahut bir ba\u015fkas\u0131n\u0131n hayat veya beden b\u00fct\u00fcnl\u00fc\u011f\u00fcn\u00fcn korunmas\u0131 i\u00e7in zorunlu olan ama\u00e7larla: meydana gelen bir vaka sonucunda Ki\u015fisel Verilerinizin bilinciniz yerinde olmaks\u0131z\u0131n i\u015flenmesi ve ilgili d\u00fczenleme kapsam\u0131nda atfedilebilecek her t\u00fcrl\u00fc sair i\u015flemeler \u00f6rnek verilebilir.<\/p>\n<p>(iii) Bir s\u00f6zle\u015fmenin kurulmas\u0131 veya ifas\u0131 amac\u0131yla: \u0130nternet Siteleri \u00fczerinden sipari\u015f edilen veya sat\u0131n al\u0131nan \u00fcr\u00fcn ve hizmetlerin taraf\u0131n\u0131za sa\u011flanmas\u0131, bu kapsamda gerekli durumlarda ileti\u015fime ge\u00e7ilmesi, POS kullan\u0131m\u0131, iade i\u015flemleri, nakliye hizmetleri, elektronik ticaret kapsam\u0131nda mesafeli sat\u0131m s\u00f6zle\u015fmesinin kurulmas\u0131, \u00fcr\u00fcn yahut hizmet sat\u0131\u015f\u0131, tedarik edilmesi, teslimi gibi y\u00fck\u00fcml\u00fcl\u00fcklerimizin ifas\u0131 kapsam\u0131nda ve ilgili d\u00fczenleme kapsam\u0131nda atfedilebilecek her t\u00fcrl\u00fc sair i\u015flemeler \u00f6rnek verilebilir.<\/p>\n<p>(iv) Hukuki y\u00fck\u00fcml\u00fcl\u00fcklerimizi yerine getirmek amac\u0131yla \u0130nternet Siteleri, \u0130leti\u015fim Ara\u00e7lar\u0131 yahut \u00c7a\u011fr\u0131 Merkezi \u00fczerinden Akg\u00fcn \u00fcr\u00fcn ve hizmetlerine ili\u015fkin sizden gelecek soru, \u015fik\u00e2yet ve bildirimlerin cevaplanmas\u0131 ve \u00e7\u00f6z\u00fcme kavu\u015fturulmas\u0131 ve \u015fikayetleriniz kapsam\u0131nda Akg\u00fcn ile payla\u015ft\u0131\u011f\u0131n\u0131z sa\u011fl\u0131k raporlar\u0131 kapsam\u0131nda i\u015flemeler ve ilgili d\u00fczenleme kapsam\u0131nda atfedilebilecek her t\u00fcrl\u00fc sair i\u015flemeler \u00f6rnek verilebilir.<\/p>\n<p>(v) Bir hakk\u0131n tesisi, kullan\u0131lmas\u0131 veya korunmas\u0131 amac\u0131yla: sat\u0131\u015f hizmeti kapsam\u0131nda kay\u0131tlar\u0131n delil olarak tutulmas\u0131 kapsam\u0131nda yap\u0131lan i\u015flemeler ve ilgili d\u00fczenleme kapsam\u0131nda atfedilebilecek her t\u00fcrl\u00fc sair i\u015flemeler \u00f6rnek verilebilir.<\/p>\n<p>(vi) Temel hak ve \u00f6zg\u00fcrl\u00fcklerinize zarar vermeksizin, me\u015fru menfaatlerimizi korumak amac\u0131yla: otellerde g\u00fcvenli\u011fin sa\u011flanmas\u0131 ve size sunulan hizmetin kalitesinin \u00f6l\u00e7\u00fclmesi amac\u0131yla gerekti\u011finde g\u00f6r\u00fcnt\u00fc kayd\u0131 al\u0131nmas\u0131, bu kapsamda iletti\u011finiz taleplerinizin de\u011ferlendirilmesi ve \u00e7\u00f6z\u00fcme kavu\u015fturulmas\u0131 gibi i\u015flemeler ve ilgili d\u00fczenleme kapsam\u0131nda atfedilebilecek her t\u00fcrl\u00fc sair i\u015flemeler \u00f6rnek verilebilir.<\/p>\n<p>Ayr\u0131ca alenile\u015ftirdi\u011finiz Ki\u015fisel Verileriniz de a\u00e7\u0131k r\u0131zan\u0131z olmaks\u0131z\u0131n yukar\u0131da belirtilen sair ama\u00e7larla i\u015flenebilmektedir. Sosyal Medya kanallar\u0131, internet siteniz ve sair mecralarda alenile\u015ftirmi\u015f oldu\u011funuz Ki\u015fisel Verileriniz taraf\u0131m\u0131zca i\u015flenmesi ve ilgili d\u00fczenleme kapsam\u0131nda atfedilebilecek her t\u00fcrl\u00fc sair i\u015flemeler bu duruma \u00f6rnek g\u00f6sterilebilir.<\/p>\n<p>(b) Yukar\u0131daki kanallardan, yine yukar\u0131da ifade edilen y\u00f6ntemlerle toplanan Ki\u015fisel Verileriniz KVKK Madde 5.1 ve Madde 6.2 kapsam\u0131nda a\u00e7\u0131k r\u0131zan\u0131z\u0131n al\u0131nmas\u0131 \u015fart\u0131 ile a\u015fa\u011f\u0131daki ama\u00e7larla da i\u015flenebilir:<\/p>\n<p>(i) \u0130nternet reklamc\u0131l\u0131\u011f\u0131, Targeting, re-targeting (=hedefleme ve yeniden hedefleme), \u00e7apraz sat\u0131\u015f, kampanya, f\u0131rsat ve \u00fcr\u00fcn\/hizmet reklamlar\u0131 gibi size \u00f6zel \u00fcr\u00fcn ve hizmetlere y\u00f6nelik f\u0131rsatlar\u0131n sunulmas\u0131 ve CRM (M\u00fc\u015fteri \u0130li\u015fkileri Y\u00f6netimi) \u00e7al\u0131\u015fmalar\u0131n\u0131n y\u00fcr\u00fct\u00fclmesi amac\u0131yla i\u015flenmesi,<\/p>\n<p>(ii) Sadakat program\u0131 ve \u00fcyelik hizmetleri kapsam\u0131nda i\u015flenmesi,<\/p>\n<p>(iii) \u0130nternet Siteleri ziyaretiniz esnas\u0131nda ki\u015fiye \u00f6zel i\u00e7erik sa\u011flanmas\u0131 amac\u0131yla i\u015flenmesi,<\/p>\n<p>(iv) yeni \u00fcr\u00fcn ve hizmet modellerinin olu\u015fturulmas\u0131 amac\u0131yla i\u015flenmesi,<\/p>\n<p>(v) elektronik ticari iletilerin (kampanya, newsletter, m\u00fc\u015fteri memnuniyet anketleri, \u00fcr\u00fcn ve hizmet reklamlar\u0131 gibi) g\u00f6nderimi amac\u0131yla i\u015flenmesi,<\/p>\n<p>(vi) hediye ve promosyon ve sair dergi\/s\u00fcreli yay\u0131n g\u00f6nderimi amac\u0131yla i\u015flenmesi,<\/p>\n<p>(vii) kurumsal ileti\u015fim ve bu kapsamda sair etkinlik ve davetlerin d\u00fczenlenmesi ve bunlar hakk\u0131nda bilgilendirme yap\u0131lmas\u0131 amac\u0131yla i\u015flenmesi,<\/p>\n<p>(viii) ald\u0131\u011f\u0131n\u0131z SPA hizmeti kapsam\u0131nda, \u00f6zellikle masaj ve buhar odas\u0131 i\u00e7in sa\u011fl\u0131k ko\u015fullar\u0131n\u0131za sak\u0131nca yaratmayacak durumlar\u0131n tespiti ve sizin i\u00e7in en iyi hizmetin verilmesini sa\u011flamak amac\u0131yla ki\u015fisel sa\u011fl\u0131k verilerinizin i\u015flenmesi,<\/p>\n<p>(ix) \u00d6zel Nitelikli Ki\u015fisel Verilerinizin fiili imk\u00e2ns\u0131zl\u0131k nedeniyle r\u0131zan\u0131z\u0131 a\u00e7\u0131klayamayacak durumda olman\u0131z, bir s\u00f6zle\u015fmenin kurulmas\u0131 veya ifas\u0131, hukuki y\u00fck\u00fcml\u00fcl\u00fcklerimizi yerine getirmek, bir hakk\u0131n tesisi, kullan\u0131lmas\u0131 veya korunmas\u0131, temel hak ve \u00f6zg\u00fcrl\u00fcklerinize zarar vermeksizin, me\u015fru menfaatlerimizin korunmas\u0131 amac\u0131yla i\u015flenmesi.<\/p>\n<ol start=\"4\">\n<li><strong>Ki\u015fisel Verilerinizin \u0130\u015flenme S\u00fcresi<\/strong><\/li>\n<\/ol>\n<p>\u0130\u015fbu Ayd\u0131nlatma Metni\u2019nde an\u0131lan kanallar vas\u0131tas\u0131yla Akg\u00fcn ile payla\u015fm\u0131\u015f oldu\u011funuz Ki\u015fisel Veriler, KVKK ba\u015fta olmak \u00fczere Ki\u015fisel Verilerin korunmas\u0131na ili\u015fkin mevzuata ve di\u011fer mevzuatta zorunlu k\u0131l\u0131nan s\u00fcrelere uygun \u015fekilde her hal\u00fck\u00e2rda yukar\u0131daki me\u015fru ama\u00e7lar ortadan kalkmad\u0131\u011f\u0131 m\u00fcddet\u00e7e i\u015flenecektir.<\/p>\n<ol start=\"5\">\n<li><strong>Ki\u015fisel Verilerinizin \u00dc\u00e7\u00fcnc\u00fc Ki\u015filere ve\/veya Yurtd\u0131\u015f\u0131na Aktar\u0131lmas\u0131<\/strong><\/li>\n<\/ol>\n<p>Akg\u00fcn, i\u015fbu Ayd\u0131nlatma Metni\u2019nde an\u0131lan kanallardan, an\u0131lan y\u00f6ntemlerle toplanan Ki\u015fisel Verilerinizi, KVKK ve sair mevzuat kapsam\u0131nda ve i\u015fbu Ayd\u0131nlatma Metni\u2019nde an\u0131lan ama\u00e7lar dahilinde \u00fc\u00e7\u00fcnc\u00fc ki\u015filere veya yurtd\u0131\u015f\u0131na aktarabilir. Ki\u015fisel verileriniz:<\/p>\n<p>(a) Yukar\u0131da KVKK Madde 5.2 ve Madde 6.3 kapsam\u0131nda belirlenen ama\u00e7lar\u0131n varl\u0131\u011f\u0131 halinde, yurti\u00e7inde ve ba\u015fta AB \u00fclkeleri, Amerika, \u0130ngiltere, OECD \u00fclkeleri, Hindistan, \u00c7in ve Rusya olmak \u00fczere yurtd\u0131\u015f\u0131nda bulunan depolama, ar\u015fivleme, bili\u015fim teknolojileri deste\u011fi (sunucu, hosting, program, bulut bili\u015fim), g\u00fcvenlik, \u00e7a\u011fr\u0131 merkezi gibi alanlarda destek ald\u0131\u011f\u0131m\u0131z \u00fc\u00e7\u00fcnc\u00fc ki\u015filerle, i\u015fbirli\u011fi yap\u0131lan ve\/veya hizmet al\u0131nan Grup \u015eirketleri, i\u015f ortaklar\u0131, tedarik\u00e7i firmalar, bankalar, finans kurulu\u015flar\u0131, hukuk, vergi vb. benzeri alanlarda destek al\u0131nan dan\u0131\u015fmanl\u0131k firmalar\u0131 ve belirlenen ama\u00e7larla aktar\u0131m\u0131n gerekli oldu\u011fu di\u011fer ili\u015fkili taraflar ile yetkili kurum ve kurulu\u015flara aktar\u0131labilmektedir;<\/p>\n<p>(b) Yukar\u0131da KVKK Madde 5.1 ve Madde 6.3 kapsam\u0131nda yurti\u00e7inde ve ba\u015fta AB \u00fclkeleri, Amerika, \u0130ngiltere, OECD \u00fclkeleri, Hindistan, \u00c7in ve Rusya olmak \u00fczere yurtd\u0131\u015f\u0131nda bulunan belirlenen ama\u00e7lar bak\u0131m\u0131ndan a\u00e7\u0131k r\u0131zan\u0131z\u0131n al\u0131nmas\u0131 \u015fart\u0131 ile, pazarlama \u015firketleri, Grup \u015eirketleri, pazarlama deste\u011fi veren \u00fc\u00e7\u00fcnc\u00fc ki\u015fi hizmet firmalar\u0131na (e-posta g\u00f6nderimi, kampanya olu\u015fturulmas\u0131 amac\u0131 ile reklam firmalar\u0131, CRM deste\u011fi veren firmalara a\u00e7\u0131k r\u0131zan\u0131za istinaden aktar\u0131labilmektedir.<\/p>\n<p>Ayr\u0131ca a\u00e7\u0131k r\u0131zan\u0131za istinaden Akg\u00fcn\u2019in bir k\u0131sm\u0131n\u0131n veya varl\u0131klar\u0131n\u0131n (marka, alan ad\u0131 ve sair ticari i\u015fletme unsurlar\u0131 dahil ancak bunlarla s\u0131n\u0131rl\u0131 olmaks\u0131z\u0131n) sat\u0131lmas\u0131 durumunda Ki\u015fisel Verileriniz devralan ger\u00e7ek ya da t\u00fczel ki\u015filere, bunlar\u0131n payda\u015flar\u0131, i\u015f ortaklar\u0131, arac\u0131lar\u0131, dan\u0131\u015fmanlar\u0131 da dahil olmak \u00fczere yurti\u00e7i ve yurtd\u0131\u015f\u0131ndaki \u00fc\u00e7\u00fcnc\u00fc ki\u015filere devrin gerektirdi\u011fi \u00f6l\u00e7\u00fcde aktar\u0131labilir, i\u015flem s\u00fcrecinde bu \u00fc\u00e7\u00fcnc\u00fc ki\u015filer taraf\u0131ndan gerekli de\u011ferlendirmenin yap\u0131lmas\u0131 ile s\u0131n\u0131rl\u0131 \u00f6l\u00e7\u00fcde i\u015flenebilir ve devir halinde devralan taraf varl\u0131klarla birlikte bu varl\u0131klara ba\u011fl\u0131 de\u011ferler olan Ki\u015fisel Verilerinizi kendisi veri sorumlusu olacak \u015fekilde i\u015flemeye devam edebilir.<\/p>\n<ol start=\"6\">\n<li><strong>Ki\u015fisel Verilerinize Eri\u015fim ve KVKK Kapsam\u0131nda Haklar\u0131n\u0131z<\/strong><\/li>\n<\/ol>\n<p>KVKK madde 11 uyar\u0131nca Akg\u00fcn\u2019e ba\u015fvurarak;<\/p>\n<p>(a) Ki\u015fisel Verilerinizin i\u015flenip i\u015flenmedi\u011fini \u00f6\u011frenme,<\/p>\n<p>(b) Ki\u015fisel Verileriniz i\u015flenmi\u015fse buna ili\u015fkin bilgi talep etme,<\/p>\n<p>(c) Ki\u015fisel Verilerinizin i\u015flenme amac\u0131n\u0131 ve bunlar\u0131n amac\u0131na uygun kullan\u0131l\u0131p kullan\u0131lmad\u0131\u011f\u0131n\u0131 \u00f6\u011frenme,<\/p>\n<p>(d) Yurt i\u00e7inde veya yurt d\u0131\u015f\u0131nda Ki\u015fisel Verilerinizin aktar\u0131ld\u0131\u011f\u0131 \u00fc\u00e7\u00fcnc\u00fc ki\u015fileri bilme,<\/p>\n<p>(e) Ki\u015fisel Verilerinizin eksik veya yanl\u0131\u015f i\u015flenmi\u015f olmas\u0131 h\u00e2linde bunlar\u0131n d\u00fczeltilmesini isteme,<\/p>\n<p>(f) Ama\u00e7, s\u00fcre ve me\u015fruiyet prensipleri d\u00e2hilinde de\u011ferlendirilmek \u00fczere Ki\u015fisel Verilerinizin i\u015flenmesini gerektiren sebeplerin ortadan kalkmas\u0131 halinde silinmesini veya yok edilmesini isteme,<\/p>\n<p>(g) Ki\u015fisel Verilerinizin d\u00fczeltilmesi, silinmesi ya da yok edilmesi halinde bu i\u015flemlerin Ki\u015fisel Verilerin aktar\u0131ld\u0131\u011f\u0131 \u00fc\u00e7\u00fcnc\u00fc ki\u015filere bildirilmesini isteme,<\/p>\n<p>(h) \u0130\u015flenen Ki\u015fisel Verilerinizin m\u00fcnhas\u0131ran otomatik sistemler vas\u0131tas\u0131yla analiz edilmesi durumunda aleyhinize bir sonucun ortaya \u00e7\u0131kmas\u0131 halinde bu sonuca itiraz etme,<\/p>\n<p>(i) Ki\u015fisel Verilerinizin kanuna ayk\u0131r\u0131 olarak i\u015flenmesi ve bu sebeple zarara u\u011framan\u0131z h\u00e2linde zarar\u0131n giderilmesini talep etme,<\/p>\n<p>haklar\u0131na sahipsiniz.<\/p>\n<p>Bu kapsamda, yukar\u0131daki haklar\u0131n\u0131za ili\u015fkin talebinizi KVKK Ba\u015fvuru Formu doldurarak veya kendi talebinizi Ki\u015fisel Verileri Koruma Kurumu taraf\u0131ndan belirlenen \u015fartlar\u0131 ta\u015f\u0131yacak \u015fekilde olu\u015fturarak a\u015fa\u011f\u0131da verilen ve zaman zaman de\u011fi\u015febilecek olan Fax Numaram\u0131za \u0130mzal\u0131 olarak yahut yine a\u015fa\u011f\u0131da yer alan ve zaman zaman de\u011fi\u015febilecek olan posta adresimize \u0131slak imzal\u0131 bir dilek\u00e7e ile elden ya da noter arac\u0131l\u0131\u011f\u0131yla teslim edebilir ve ileride bunlara eklenebilecek Ki\u015fisel Verileri Koruma Kurumu taraf\u0131ndan belirlenen di\u011fer y\u00f6ntemlerle g\u00f6nderebilirsiniz. L\u00fctfen g\u00fcncel ba\u015fvuru y\u00f6ntemlerini ba\u015fvuru \u00f6ncesinde mevzuattan teyit ediniz. Akg\u00fcn, talebin niteli\u011fine g\u00f6re talebi en k\u0131sa s\u00fcrede ve en ge\u00e7 30 (otuz) g\u00fcn i\u00e7inde \u00fccretsiz olarak sonu\u00e7land\u0131racakt\u0131r. Taleplerin Akg\u00fcn taraf\u0131ndan sonu\u00e7land\u0131r\u0131lmas\u0131na ili\u015fkin ayr\u0131ca bir maliyet do\u011fmas\u0131 h\u00e2linde Ki\u015fisel Verileri Koruma Kurulunca belirlenen tarifedeki \u00fccretler Akg\u00fcn taraf\u0131ndan talep edilebilir.<\/p>\n<p>&nbsp;<\/p>\n<p>Unvan: Akg\u00fcn Turizm \u0130\u015fletmeleri San. ve Tic. A.\u015e.<\/p>\n<p>Posta adresi : Adnan Menderes Blv (Vatan Cad.) No:43 Topkap\u0131-Fatih 34093, \u0130STANBUL<\/p>\n<p>E- posta adresi : info@akgunhotel.com<\/p>\n<p>Website: <a href=\"https:\/\/www.akgunhotel.com\">www.akgunhotel.com<\/a><\/p>\n<p>Fax:&nbsp;&nbsp;&nbsp;&nbsp;&nbsp;&nbsp;&nbsp;&nbsp;&nbsp; +90 212 534 91 26<\/p>\n<p>\u0130leti\u015fim: +90 212 534 48 79<\/p>\n<p>Mersis No: 0025001527100014<\/p>\n<p>&nbsp;<\/p>\n<p>&nbsp;[\/vc_column_text][\/vc_column][\/vc_row]<\/p>\n<\/section>","protected":false},"excerpt":{"rendered":"[vc_row][vc_column][vc_column_text]K\u0130\u015e\u0130SEL VER\u0130LER\u0130N \u0130\u015eLENMES\u0130NE Y\u00d6NEL\u0130K AYDINLATMA METN\u0130 Ki\u015fisel Verilerinin \u0130\u015flenmesine Y\u00f6nelik Ayd\u0131nlatma Metni (\u201cAyd\u0131nlatma Metni\u201d) ile Akg\u00fcn Turizm \u0130\u015fletmeleri Sanayi ve Ticaret A.\u015e. (\u201cAkg\u00fcn\u201d) olarak, 6698 say\u0131l\u0131 Ki\u015fisel Verilerin Korunmas\u0131 Kanunu (\u201cKVKK\u201d) uyar\u0131nca, Veri Sorumlusu s\u0131fat\u0131yla, KVKK kapsam\u0131ndaki ayd\u0131nlatma y\u00fck\u00fcml\u00fcl\u00fc\u011f\u00fcm\u00fcz \u00e7er\u00e7evesinde sizleri bilgilendirmek istiyoruz. Ki\u015fisel Verilerinizi Toplanma Y\u00f6ntemimiz ve Hukuki Sebepler [&hellip;]","protected":false},"author":1,"featured_media":0,"parent":0,"menu_order":0,"comment_status":"closed","ping_status":"closed","template":"template-fullsize-gallery2.php","meta":{"ngg_post_thumbnail":0,"footnotes":""},"class_list":["post-1851","page","type-page","status-publish","hentry"],"_links":{"self":[{"href":"https:\/\/akgunhotel.com\/tr\/wp-json\/wp\/v2\/pages\/1851","targetHints":{"allow":["GET"]}}],"collection":[{"href":"https:\/\/akgunhotel.com\/tr\/wp-json\/wp\/v2\/pages"}],"about":[{"href":"https:\/\/akgunhotel.com\/tr\/wp-json\/wp\/v2\/types\/page"}],"author":[{"embeddable":true,"href":"https:\/\/akgunhotel.com\/tr\/wp-json\/wp\/v2\/users\/1"}],"replies":[{"embeddable":true,"href":"https:\/\/akgunhotel.com\/tr\/wp-json\/wp\/v2\/comments?post=1851"}],"version-history":[{"count":16,"href":"https:\/\/akgunhotel.com\/tr\/wp-json\/wp\/v2\/pages\/1851\/revisions"}],"predecessor-version":[{"id":2047,"href":"https:\/\/akgunhotel.com\/tr\/wp-json\/wp\/v2\/pages\/1851\/revisions\/2047"}],"wp:attachment":[{"href":"https:\/\/akgunhotel.com\/tr\/wp-json\/wp\/v2\/media?parent=1851"}],"curies":[{"name":"wp","href":"https:\/\/api.w.org\/{rel}","templated":true}]}}