{"id":1860,"date":"2021-03-10T16:55:22","date_gmt":"2021-03-10T13:55:22","guid":{"rendered":"https:\/\/akgunhotel.com\/?page_id=1860"},"modified":"2021-03-10T17:05:16","modified_gmt":"2021-03-10T14:05:16","slug":"bike-friendly","status":"publish","type":"page","link":"https:\/\/akgunhotel.com\/tr\/bike-friendly\/","title":{"rendered":"Bisiklet Dostu Hizmetlerimiz"},"content":{"rendered":"<section class=\"wpb-content-wrapper\"><p>[vc_row][vc_column][vc_column_text]<\/p>\n<ul>\n<li>Bisikletli misafirlerimiz i\u00e7in \u00f6zel haz\u0131rlanm\u0131\u015f kapal\u0131 ve 7\/24 g\u00fcvenlikli park alan\u0131,<\/li>\n<li>Bisikletli misafirlerimiz i\u00e7in \u00f6zel haz\u0131rlanm\u0131\u015f bak\u0131m alan\u0131,<\/li>\n<li>B\u00f6lgesel bisiklet rotalar\u0131 hakk\u0131nda bilgi sahibi personellerimiz,<\/li>\n<li>G\u00fcncel Hava ve Yol Durumunu G\u00f6sterir Bilgi Ekranlar\u0131m\u0131z,<\/li>\n<li>Bisikletli Misafirlerimiz i\u00e7in \u00c7ama\u015f\u0131rhane Hizmetlerimiz,<\/li>\n<li>Bisikletli Misafirlerimiz i\u00e7in talepleri do\u011frultusunda haz\u0131rlanan yiyecek ve i\u00e7ecek \u00e7e\u015fitleri ,<\/li>\n<li>Bisikletli Misafirlerimiz i\u00e7in talepleri do\u011frultusunda haz\u0131rlanan paket \u015feklinde servis edilen yiyecek ve i\u00e7ecek \u00e7e\u015fitleri ,<\/li>\n<li>Bisikletli Misafirlerimiz i\u00e7in talepleri do\u011frultusunda haz\u0131rlanan yiyecek ve i\u00e7ecek \u00e7e\u015fitleri hakk\u0131nda alerjen veya besin de\u011ferleri hakk\u0131nda bilgilendirme.<\/li>\n<\/ul>\n<p>&nbsp;<\/p>\n<p>Hotelimiz siz de\u011ferli Bisikletli Misafirlerimizi a\u011f\u0131rlamaktan mutluluk duyar\u2026[\/vc_column_text][\/vc_column][\/vc_row]<\/p>\n<\/section>","protected":false},"excerpt":{"rendered":"[vc_row][vc_column][vc_column_text] Bisikletli misafirlerimiz i\u00e7in \u00f6zel haz\u0131rlanm\u0131\u015f kapal\u0131 ve 7\/24 g\u00fcvenlikli park alan\u0131, Bisikletli misafirlerimiz i\u00e7in \u00f6zel haz\u0131rlanm\u0131\u015f bak\u0131m alan\u0131, B\u00f6lgesel bisiklet rotalar\u0131 hakk\u0131nda bilgi sahibi personellerimiz, G\u00fcncel Hava ve Yol Durumunu G\u00f6sterir Bilgi Ekranlar\u0131m\u0131z, Bisikletli Misafirlerimiz i\u00e7in \u00c7ama\u015f\u0131rhane Hizmetlerimiz, Bisikletli Misafirlerimiz i\u00e7in talepleri do\u011frultusunda haz\u0131rlanan yiyecek ve i\u00e7ecek \u00e7e\u015fitleri , [&hellip;]","protected":false},"author":1,"featured_media":0,"parent":0,"menu_order":0,"comment_status":"closed","ping_status":"closed","template":"template-fullsize-gallery2.php","meta":{"ngg_post_thumbnail":0,"footnotes":""},"class_list":["post-1860","page","type-page","status-publish","hentry"],"_links":{"self":[{"href":"https:\/\/akgunhotel.com\/tr\/wp-json\/wp\/v2\/pages\/1860","targetHints":{"allow":["GET"]}}],"collection":[{"href":"https:\/\/akgunhotel.com\/tr\/wp-json\/wp\/v2\/pages"}],"about":[{"href":"https:\/\/akgunhotel.com\/tr\/wp-json\/wp\/v2\/types\/page"}],"author":[{"embeddable":true,"href":"https:\/\/akgunhotel.com\/tr\/wp-json\/wp\/v2\/users\/1"}],"replies":[{"embeddable":true,"href":"https:\/\/akgunhotel.com\/tr\/wp-json\/wp\/v2\/comments?post=1860"}],"version-history":[{"count":10,"href":"https:\/\/akgunhotel.com\/tr\/wp-json\/wp\/v2\/pages\/1860\/revisions"}],"predecessor-version":[{"id":1870,"href":"https:\/\/akgunhotel.com\/tr\/wp-json\/wp\/v2\/pages\/1860\/revisions\/1870"}],"wp:attachment":[{"href":"https:\/\/akgunhotel.com\/tr\/wp-json\/wp\/v2\/media?parent=1860"}],"curies":[{"name":"wp","href":"https:\/\/api.w.org\/{rel}","templated":true}]}}