{"id":2016,"date":"2023-06-12T10:39:28","date_gmt":"2023-06-12T07:39:28","guid":{"rendered":"https:\/\/akgunhotel.com\/?page_id=2016"},"modified":"2023-06-14T19:27:57","modified_gmt":"2023-06-14T16:27:57","slug":"sustainability","status":"publish","type":"page","link":"https:\/\/akgunhotel.com\/tr\/sustainability\/","title":{"rendered":"S\u00fcrd\u00fcrebilirlik"},"content":{"rendered":"<section class=\"wpb-content-wrapper\"><p>[vc_row][vc_column][vc_column_text]AKG\u00dcN \u0130STANBUL HOTEL VE S\u00dcRD\u00dcR\u00dcLEB\u0130L\u0130RL\u0130K<br \/>\nTurizm ve \u00c7evre<\/p>\n<p>Turizm ve \u00e7evre ortak bir ili\u015fkiyi simgeleyen kavramlard\u0131r. \u00c7evre, bir turizm kayna\u011f\u0131 olma \u00f6zelli\u011fini ta\u015f\u0131rken, turizmin en \u00f6nemli etkileri de \u00e7evreye olmaktad\u0131r. Bu ili\u015fkilerin ya\u015famsal nitelikte oldu\u011fu, turizmin var olmas\u0131 i\u00e7in \u00e7evrenin ya\u015famas\u0131 gerekti\u011fi ortadad\u0131r.<\/p>\n<p>B\u00f6yle bir a\u00e7\u0131dan bak\u0131l\u0131rsa \u00e7evrenin kapsamad\u0131\u011f\u0131 hi\u00e7bir alan ve s\u00fcre\u00e7 kalmamaktad\u0131r.<\/p>\n<p>\u0130yi y\u00f6netilmeyen bir turizm faaliyeti; do\u011fal \u00e7evrenin tahribi, hava, su, toprak kirlenmesi gibi kamu sa\u011fl\u0131\u011f\u0131n\u0131 tehdit edici \u015fekilde olumsuz etkiler yaratabilir.<\/p>\n<p>Ya\u015fan\u0131lan do\u011fal \u00e7evreyi, bug\u00fcn ve gelecekte \u00e7ekici k\u0131labilen turistik y\u00f6reler; bir yandan be\u015fer\u00ee yap\u0131s\u0131n\u0131, di\u011fer yandan turistik tesislerini, do\u011fal peyzaj ile birlikte mimari yap\u0131 \u00f6zellikleriyle dengeli bir \u015fekilde bir araya getirdiklerinde turizmin ekonomik yararlar\u0131ndan daha fazla pay alabileceklerdir.<\/p>\n<p>Turizm ve \u00e7evre aras\u0131ndaki ili\u015fkiler; \u00e7evrenin turizmin yarat\u0131c\u0131 elemanlar\u0131n\u0131 olu\u015fturdu\u011fu, bununla birlikte turizmin \u00e7evrenin tahrip edici bir eleman\u0131 da oldu\u011funu g\u00f6stermektedir. Bunun yan\u0131 s\u0131ra turizm, \u00e7evrenin koruyucu bir vas\u0131tas\u0131n\u0131 da olu\u015fturmaktad\u0131r. Bu durum, turizm ve \u00e7evre ili\u015fkilerinde bir \u00e7eli\u015fkinin varl\u0131\u011f\u0131n\u0131 ortaya koymakla birlikte, ayn\u0131 olay\u0131n tamamlay\u0131c\u0131 \u00f6zelli\u011finden kaynaklanan ve turizmin iyi organize edilmesiyle, \u00e7evreyi koruyucu fonksiyonuna etkinlik kazand\u0131rmaktad\u0131r.<\/p>\n<p>Ekonomik etkileri a\u00e7\u0131s\u0131ndan ele al\u0131nd\u0131\u011f\u0131nda turizmin s\u00fcrd\u00fcr\u00fclebilirli\u011fi, ger\u00e7ekle\u015fti\u011fi \u00e7evrede olumlu ekonomik etkilerini artt\u0131rmas\u0131, olumsuz ekonomik etkilerini ise en aza indirerek uzun vadeli bir geli\u015fmeyi sa\u011flamas\u0131 bak\u0131m\u0131ndan gereklidir.<\/p>\n<p>S\u00fcrd\u00fcr\u00fclebilirlik Neden \u00d6nemlidir?<\/p>\n<p>Ya\u015fad\u0131\u011f\u0131m\u0131z \u00e7evre, sonsuz kaynaklara ve ta\u015f\u0131ma kapasitesine sahip de\u011fildir. Ancak insano\u011flunun davran\u0131\u015flar\u0131na genel olarak bak\u0131ld\u0131\u011f\u0131nda sanki bu kaynaklar s\u0131n\u0131rs\u0131zm\u0131\u015f\u00e7as\u0131na kullan\u0131ld\u0131\u011f\u0131na dair kan\u0131tlara rastlamak m\u00fcmk\u00fcnd\u00fcr. Buna kar\u015f\u0131n, bilgi art\u0131\u015f\u0131yla birlikte do\u011faya duyarl\u0131 t\u00fcketici say\u0131s\u0131 da artmakta ve do\u011faya sayg\u0131l\u0131 t\u00fcketime y\u00f6nelmektedirler. Bu durum bir yandan i\u015fletmeler \u00fczerindeki duyarl\u0131l\u0131k bask\u0131s\u0131n\u0131 art\u0131rmakta, di\u011fer yandan bir marka de\u011feri yaratma, rekabet g\u00fcc\u00fc elde etme, tasarruf sa\u011flama ve ekonomik kazan\u00e7 f\u0131rsat\u0131 sunmaktad\u0131r.<\/p>\n<p>Turizm \u00f6zelinde bak\u0131ld\u0131\u011f\u0131nda ise, turizm do\u011fal, tarihi, k\u00fclt\u00fcrel ve co\u011frafi kaynaklara muhta\u00e7t\u0131r. T\u00fcm bu kaynaklar, turizm sekt\u00f6r\u00fcnde hammadde olarak de\u011ferlendirilmekte ve turistik \u00fcr\u00fcn\u00fcn olu\u015fumunda ve pazarlanmas\u0131nda kullan\u0131lmaktad\u0131r.<\/p>\n<p>Bir destinasyonu pazarlayabilmek i\u00e7in \u201c\u00e7evre kalitesi\u201d olduk\u00e7a \u00f6nemlidir. Bir destinasyonun do\u011fal zenginlikleri ve de\u011ferleri ile b\u00f6lgenin tercih edilebilirlik oran\u0131n\u0131n pozitif y\u00f6nl\u00fc oldu\u011fu s\u00f6ylenebilir. Daha a\u00e7\u0131k bir deyi\u015fle, turizm \u00e7evresel de\u011ferler ile beslenmektedir ve bu nedenle \u00e7evresel sorunlar\u0131 olan bir destinasyona kimse gitmek istemeyecektir. Dolay\u0131s\u0131yla, olumsuz \u00e7evre ko\u015fullar\u0131na sahip destinasyonlarda turizm faaliyetlerinin uzun d\u00f6nemde devam ettirebilmek m\u00fcmk\u00fcn degildir. Turistik talebe cevap verebilmek ve bunu devam ettirebilmek turizm yat\u0131r\u0131mc\u0131lar\u0131, i\u015fletmecileri ve \u00e7al\u0131\u015fanlar\u0131n\u0131n elindedir.K\u0131sa vadeli kazan\u00e7lara odaklanmadan, uzun d\u00f6nemde ya\u015fan\u0131r, ziyaret edelebilir ve tabiki s\u00fcrd\u00fcr\u00fclebilir turizm yapmak ilk ama\u00e7 olmal\u0131d\u0131r.<\/p>\n<p>S\u00fcrd\u00fcr\u00fclebilirlik Politikalar\u0131m\u0131z ve Faaliyet Raporu<\/p>\n<p>Akg\u00fcn \u0130stanbul Hotel, s\u00fcrd\u00fcr\u00fclebilir kalk\u0131nma i\u00e7in ba\u015far\u0131l\u0131 i\u015fletmenin ve kurumsal sorumlulu\u011fun yak\u0131ndan ili\u015fkili oldu\u011funa kesinlikle inanmaktad\u0131r. Misafirlerimizin, ekip \u00fcyelerimizin, \u00e7evrenin, yerel topluluklar\u0131n ve t\u00fcm payda\u015flar\u0131m\u0131z\u0131n faaliyetlerimizi anlamas\u0131n\u0131 ve bundan faydalanmas\u0131n\u0131 sa\u011flamak i\u00e7in i\u015fletmemizin her unsurunda s\u00fcrd\u00fcr\u00fclebilirlik sa\u011flamay\u0131 hedefliyoruz.<\/p>\n<p>S\u00fcrd\u00fcr\u00fclebilirlik politikalar\u0131m\u0131z\u0131 ve faaliyet raporunu a\u015fa\u011f\u0131daki butondan g\u00f6rebilirsiniz[\/vc_column_text][vc_btn title=&#8221;FAALIYET RAPORU&#8221; color=&#8221;black&#8221; link=&#8221;url:https%3A%2F%2Fakgunhotel.com%2Fsustainability_pdf%2Fakgun_surdurebilirlik_optimize.pdf|target:%20_blank|&#8221;][\/vc_column][\/vc_row]<\/p>\n<\/section>","protected":false},"excerpt":{"rendered":"[vc_row][vc_column][vc_column_text]AKG\u00dcN \u0130STANBUL HOTEL VE S\u00dcRD\u00dcR\u00dcLEB\u0130L\u0130RL\u0130K Turizm ve \u00c7evre Turizm ve \u00e7evre ortak bir ili\u015fkiyi simgeleyen kavramlard\u0131r. \u00c7evre, bir turizm kayna\u011f\u0131 olma \u00f6zelli\u011fini ta\u015f\u0131rken, turizmin en \u00f6nemli etkileri de \u00e7evreye olmaktad\u0131r. Bu ili\u015fkilerin ya\u015famsal nitelikte oldu\u011fu, turizmin var olmas\u0131 i\u00e7in \u00e7evrenin ya\u015famas\u0131 gerekti\u011fi ortadad\u0131r. B\u00f6yle bir a\u00e7\u0131dan bak\u0131l\u0131rsa \u00e7evrenin kapsamad\u0131\u011f\u0131 hi\u00e7bir [&hellip;]","protected":false},"author":1,"featured_media":0,"parent":0,"menu_order":0,"comment_status":"closed","ping_status":"closed","template":"template-fullsize-gallery2.php","meta":{"ngg_post_thumbnail":0,"footnotes":""},"class_list":["post-2016","page","type-page","status-publish","hentry"],"_links":{"self":[{"href":"https:\/\/akgunhotel.com\/tr\/wp-json\/wp\/v2\/pages\/2016","targetHints":{"allow":["GET"]}}],"collection":[{"href":"https:\/\/akgunhotel.com\/tr\/wp-json\/wp\/v2\/pages"}],"about":[{"href":"https:\/\/akgunhotel.com\/tr\/wp-json\/wp\/v2\/types\/page"}],"author":[{"embeddable":true,"href":"https:\/\/akgunhotel.com\/tr\/wp-json\/wp\/v2\/users\/1"}],"replies":[{"embeddable":true,"href":"https:\/\/akgunhotel.com\/tr\/wp-json\/wp\/v2\/comments?post=2016"}],"version-history":[{"count":13,"href":"https:\/\/akgunhotel.com\/tr\/wp-json\/wp\/v2\/pages\/2016\/revisions"}],"predecessor-version":[{"id":2046,"href":"https:\/\/akgunhotel.com\/tr\/wp-json\/wp\/v2\/pages\/2016\/revisions\/2046"}],"wp:attachment":[{"href":"https:\/\/akgunhotel.com\/tr\/wp-json\/wp\/v2\/media?parent=2016"}],"curies":[{"name":"wp","href":"https:\/\/api.w.org\/{rel}","templated":true}]}}